{"id":153,"date":"2024-03-07T18:00:29","date_gmt":"2024-03-07T17:00:29","guid":{"rendered":"https:\/\/blogs.groupevaleco.com\/site-modele\/?page_id=153"},"modified":"2025-02-20T16:52:16","modified_gmt":"2025-02-20T15:52:16","slug":"les-etapes","status":"publish","type":"page","link":"https:\/\/blogvaleco.com\/projeteoliendethoiresurdinan\/projet\/les-etapes\/","title":{"rendered":"Les \u00e9tapes"},"content":{"rendered":"\n<div style=\"height:20px\" aria-hidden=\"true\" class=\"wp-block-spacer\"><\/div>\n\n\n\n<p class=\"has-text-align-left\">Un projet \u00e9olien est un projet au long cours.<\/p>\n\n\n\n<p class=\"has-text-align-left\">Apr\u00e8s avoir rep\u00e9r\u00e9 un <strong>site propice <\/strong>\u00e0 l&rsquo;implantation d&rsquo;\u00e9oliennes, initi\u00e9 les <strong>premiers contacts<\/strong> avec les \u00e9lus locaux et les propri\u00e9taires et exploitants et estim\u00e9 la faisabilit\u00e9 d&rsquo;un projet, des <strong>\u00e9tudes <\/strong>sont lanc\u00e9es pour une dur\u00e9e d&rsquo;au moins un an. Celles-ci sont r\u00e9alis\u00e9es par des&nbsp;bureaux d\u2019\u00e9tudes ou organismes ind\u00e9pendants sur plusieurs volets : le milieu naturel, le milieu humain, le milieu physique, le paysage, le patrimoine et l\u2019acoustique. <strong>Ces \u00e9tudes sont r\u00e9glementaires et permettent de concevoir un projet de moindre impact sur l\u2019environnement.<\/strong><\/p>\n\n\n\n<p>Les conclusions des inventaires et des \u00e9tudes initiales identifient les sensibilit\u00e9s du projet : l\u2019obtention de ces r\u00e9sultats permet d\u00e9finir les contours techniques et les plans du projet. Les experts s&rsquo;attachent ensuite \u00e0 \u00e9valuer les impacts du projet retenu afin de les <strong>\u00c9viter, les R\u00e9duire ou les Compenser,<\/strong> selon la logique ERC d\u00e9finie au sein du Code de l\u2019Environnement. Un dossier est alors mont\u00e9 en quelques mois et permet de d\u00e9poser <strong>dossier d&rsquo;Autorisation Environnementale <\/strong>en pr\u00e9fecture. <\/p>\n\n\n\n<p class=\"has-text-align-left\">S&rsquo;en suit une p\u00e9riode d&rsquo;<strong>instruction par les services de l&rsquo;Etat<\/strong> dont la dur\u00e9e varie selon les d\u00e9partements et les projets. Elle d\u00e9bute par une phase d&rsquo;allers-retours entre les services et le porteur du projet aboutissant ou non \u00e0 la recevabilit\u00e9 du projet. Si le projet est jug\u00e9 recevable, il fait alors l&rsquo;objet d&rsquo;une <strong>enqu\u00eate publique<\/strong>, d&rsquo;un passage en <strong>CDNPS<\/strong> (Commission D\u00e9partementale de la Nature, des Paysages et des Sites) puis d&rsquo;une <strong>autorisation ou d&rsquo;un refus du Pr\u00e9fet<\/strong>.<\/p>\n\n\n\n<h2 class=\"wp-block-heading\">Historique du projet<\/h2>\n\n\n\n    <div  class=\"bf-timeline-vertical\">\n        <div class=\"process-line beflex-animation\" data-animation=\"beflexProcessLine\"><\/div>\n        <div class=\"process-line-active beflex-animation\" data-animation=\"beflexProcessLine\"><\/div>\n\n        <div class=\"process-box-container\">\n                            <div class=\"process-box beflex-animation\" data-animation=\"beflexProcess\">\n                    <div class=\"process-box-container\">\n                        \n                        <div class=\"container-title\">Avril-Mai 2021<\/div>\n                                                    <div class=\"container-content\"><p>Premiers \u00e9changes avec les \u00e9lus et les propri\u00e9taires-exploitants<\/p>\n<\/div>\n                        \n                                            <\/div>\n\n                    <div class=\"process-box-order box-1\">\n                        <div class=\"box-number\">01<\/div>\n                        <div class=\"box-dot\"><\/div><div class=\"box-dot-line\"><\/div><div class=\"box-line\"><\/div>\n                    <\/div>\n                <\/div>\n                            <div class=\"process-box beflex-animation\" data-animation=\"beflexProcessRevert\">\n                    <div class=\"process-box-container\">\n                        \n                        <div class=\"container-title\">Juin 2021 <\/div>\n                                                    <div class=\"container-content\"><p>Pr\u00e9sentation en conseil municipal de Thoir\u00e9-sus-Dinan<\/p>\n<\/div>\n                        \n                                            <\/div>\n\n                    <div class=\"process-box-order box-2\">\n                        <div class=\"box-number\">02<\/div>\n                        <div class=\"box-dot\"><\/div><div class=\"box-dot-line\"><\/div><div class=\"box-line\"><\/div>\n                    <\/div>\n                <\/div>\n                            <div class=\"process-box beflex-animation\" data-animation=\"beflexProcess\">\n                    <div class=\"process-box-container\">\n                        \n                        <div class=\"container-title\">Ao\u00fbt 2022<\/div>\n                                                    <div class=\"container-content\"><p>Diffusion d\u2019une premi\u00e8re lettre d\u2019information<\/p>\n<\/div>\n                        \n                                            <\/div>\n\n                    <div class=\"process-box-order box-3\">\n                        <div class=\"box-number\">03<\/div>\n                        <div class=\"box-dot\"><\/div><div class=\"box-dot-line\"><\/div><div class=\"box-line\"><\/div>\n                    <\/div>\n                <\/div>\n                            <div class=\"process-box beflex-animation\" data-animation=\"beflexProcessRevert\">\n                    <div class=\"process-box-container\">\n                        \n                        <div class=\"container-title\">Septembre 2022<\/div>\n                                                    <div class=\"container-content\"><p>Lancement de l\u2019\u00e9tude environnementale<\/p>\n<\/div>\n                        \n                                            <\/div>\n\n                    <div class=\"process-box-order box-4\">\n                        <div class=\"box-number\">04<\/div>\n                        <div class=\"box-dot\"><\/div><div class=\"box-dot-line\"><\/div><div class=\"box-line\"><\/div>\n                    <\/div>\n                <\/div>\n                            <div class=\"process-box beflex-animation\" data-animation=\"beflexProcess\">\n                    <div class=\"process-box-container\">\n                        \n                        <div class=\"container-title\">Octobre 2022<\/div>\n                                                    <div class=\"container-content\"><p>Installation du m\u00e2t de mesure de vent et panneau d\u2019affichage<\/p>\n<\/div>\n                        \n                                            <\/div>\n\n                    <div class=\"process-box-order box-5\">\n                        <div class=\"box-number\">05<\/div>\n                        <div class=\"box-dot\"><\/div><div class=\"box-dot-line\"><\/div><div class=\"box-line\"><\/div>\n                    <\/div>\n                <\/div>\n                            <div class=\"process-box beflex-animation\" data-animation=\"beflexProcessRevert\">\n                    <div class=\"process-box-container\">\n                        \n                        <div class=\"container-title\">Avril &#8211; Mai 2023 <\/div>\n                                                    <div class=\"container-content\"><p>Lancement de l\u2019\u00e9tude acoustique<\/p>\n<\/div>\n                        \n                                            <\/div>\n\n                    <div class=\"process-box-order box-6\">\n                        <div class=\"box-number\">06<\/div>\n                        <div class=\"box-dot\"><\/div><div class=\"box-dot-line\"><\/div><div class=\"box-line\"><\/div>\n                    <\/div>\n                <\/div>\n                            <div class=\"process-box beflex-animation\" data-animation=\"beflexProcess\">\n                    <div class=\"process-box-container\">\n                        \n                        <div class=\"container-title\">Septembre 2023 <\/div>\n                                                    <div class=\"container-content\"><p>Lancement de l\u2019\u00e9tude paysag\u00e8re<\/p>\n<\/div>\n                        \n                                            <\/div>\n\n                    <div class=\"process-box-order box-7\">\n                        <div class=\"box-number\">07<\/div>\n                        <div class=\"box-dot\"><\/div><div class=\"box-dot-line\"><\/div><div class=\"box-line\"><\/div>\n                    <\/div>\n                <\/div>\n                            <div class=\"process-box beflex-animation\" data-animation=\"beflexProcessRevert\">\n                    <div class=\"process-box-container\">\n                        \n                        <div class=\"container-title\">D\u00e9cembre 2023 <\/div>\n                                                    <div class=\"container-content\"><p>Lancement de l\u2019\u00e9tude d\u2019impact et \u00e9change sur les zones d\u2019acc\u00e9l\u00e9ration<\/p>\n<\/div>\n                        \n                                            <\/div>\n\n                    <div class=\"process-box-order box-8\">\n                        <div class=\"box-number\">08<\/div>\n                        <div class=\"box-dot\"><\/div><div class=\"box-dot-line\"><\/div><div class=\"box-line\"><\/div>\n                    <\/div>\n                <\/div>\n                            <div class=\"process-box beflex-animation\" data-animation=\"beflexProcess\">\n                    <div class=\"process-box-container\">\n                        \n                        <div class=\"container-title\">F\u00e9vrier 2024 <\/div>\n                                                    <div class=\"container-content\"><p>Diffusion d\u2019une deuxi\u00e8me lettre d\u2019information et des invitations<\/p>\n<\/div>\n                        \n                                            <\/div>\n\n                    <div class=\"process-box-order box-9\">\n                        <div class=\"box-number\">09<\/div>\n                        <div class=\"box-dot\"><\/div><div class=\"box-dot-line\"><\/div><div class=\"box-line\"><\/div>\n                    <\/div>\n                <\/div>\n                            <div class=\"process-box beflex-animation\" data-animation=\"beflexProcessRevert\">\n                    <div class=\"process-box-container\">\n                        \n                        <div class=\"container-title\">Mars 2024 <\/div>\n                                                    <div class=\"container-content\"><p>Phase de concertation pr\u00e9alable volontaire et permanence d\u2019information<\/p>\n<\/div>\n                        \n                                            <\/div>\n\n                    <div class=\"process-box-order box-10\">\n                        <div class=\"box-number\">010<\/div>\n                        <div class=\"box-dot\"><\/div><div class=\"box-dot-line\"><\/div><div class=\"box-line\"><\/div>\n                    <\/div>\n                <\/div>\n                            <div class=\"process-box beflex-animation\" data-animation=\"beflexProcess\">\n                    <div class=\"process-box-container\">\n                        \n                        <div class=\"container-title\">Avril 2024 <\/div>\n                                                    <div class=\"container-content\"><p>Passage en p\u00f4le ENR<\/p>\n<\/div>\n                        \n                                            <\/div>\n\n                    <div class=\"process-box-order box-11\">\n                        <div class=\"box-number\">011<\/div>\n                        <div class=\"box-dot\"><\/div><div class=\"box-dot-line\"><\/div><div class=\"box-line\"><\/div>\n                    <\/div>\n                <\/div>\n                            <div class=\"process-box beflex-animation\" data-animation=\"beflexProcessRevert\">\n                    <div class=\"process-box-container\">\n                        \n                        <div class=\"container-title\">Mai 2024 <\/div>\n                                                    <div class=\"container-content\"><p>Finalisation de l\u2019\u00e9tude d\u2019impact<\/p>\n<\/div>\n                        \n                                            <\/div>\n\n                    <div class=\"process-box-order box-12\">\n                        <div class=\"box-number\">012<\/div>\n                        <div class=\"box-dot\"><\/div><div class=\"box-dot-line\"><\/div><div class=\"box-line\"><\/div>\n                    <\/div>\n                <\/div>\n                            <div class=\"process-box beflex-animation\" data-animation=\"beflexProcess\">\n                    <div class=\"process-box-container\">\n                        \n                        <div class=\"container-title\">Octobre 2024 <\/div>\n                                                    <div class=\"container-content\"><p>D\u00e9p\u00f4t en pr\u00e9fecture du dossier de demande d\u2019autorisation environnementale<\/p>\n<\/div>\n                        \n                                            <\/div>\n\n                    <div class=\"process-box-order box-13\">\n                        <div class=\"box-number\">013<\/div>\n                        <div class=\"box-dot\"><\/div><div class=\"box-dot-line\"><\/div><div class=\"box-line\"><\/div>\n                    <\/div>\n                <\/div>\n                    <\/div>\n    <\/div>\n\n\n\n<p><\/p>\n","protected":false},"excerpt":{"rendered":"<p>Un projet \u00e9olien est un projet au long cours. Apr\u00e8s avoir rep\u00e9r\u00e9 un site propice \u00e0 l&rsquo;implantation d&rsquo;\u00e9oliennes, initi\u00e9 les premiers contacts avec les \u00e9lus locaux et les propri\u00e9taires et exploitants et estim\u00e9 la faisabilit\u00e9 d&rsquo;un projet, des \u00e9tudes sont lanc\u00e9es pour une dur\u00e9e d&rsquo;au moins un an. Celles-ci sont r\u00e9alis\u00e9es par des&nbsp;bureaux d\u2019\u00e9tudes ou [&hellip;]<\/p>\n","protected":false},"author":1,"featured_media":554,"parent":15,"menu_order":0,"comment_status":"closed","ping_status":"closed","template":"","meta":{"_acf_changed":false,"inline_featured_image":false,"footnotes":""},"class_list":["post-153","page","type-page","status-publish","has-post-thumbnail","hentry"],"acf":[],"_links":{"self":[{"href":"https:\/\/blogvaleco.com\/projeteoliendethoiresurdinan\/wp-json\/wp\/v2\/pages\/153","targetHints":{"allow":["GET"]}}],"collection":[{"href":"https:\/\/blogvaleco.com\/projeteoliendethoiresurdinan\/wp-json\/wp\/v2\/pages"}],"about":[{"href":"https:\/\/blogvaleco.com\/projeteoliendethoiresurdinan\/wp-json\/wp\/v2\/types\/page"}],"author":[{"embeddable":true,"href":"https:\/\/blogvaleco.com\/projeteoliendethoiresurdinan\/wp-json\/wp\/v2\/users\/1"}],"replies":[{"embeddable":true,"href":"https:\/\/blogvaleco.com\/projeteoliendethoiresurdinan\/wp-json\/wp\/v2\/comments?post=153"}],"version-history":[{"count":15,"href":"https:\/\/blogvaleco.com\/projeteoliendethoiresurdinan\/wp-json\/wp\/v2\/pages\/153\/revisions"}],"predecessor-version":[{"id":887,"href":"https:\/\/blogvaleco.com\/projeteoliendethoiresurdinan\/wp-json\/wp\/v2\/pages\/153\/revisions\/887"}],"up":[{"embeddable":true,"href":"https:\/\/blogvaleco.com\/projeteoliendethoiresurdinan\/wp-json\/wp\/v2\/pages\/15"}],"wp:featuredmedia":[{"embeddable":true,"href":"https:\/\/blogvaleco.com\/projeteoliendethoiresurdinan\/wp-json\/wp\/v2\/media\/554"}],"wp:attachment":[{"href":"https:\/\/blogvaleco.com\/projeteoliendethoiresurdinan\/wp-json\/wp\/v2\/media?parent=153"}],"curies":[{"name":"wp","href":"https:\/\/api.w.org\/{rel}","templated":true}]}}