{"id":151,"date":"2024-03-07T18:00:19","date_gmt":"2024-03-07T17:00:19","guid":{"rendered":"https:\/\/blogs.groupevaleco.com\/site-modele\/?page_id=151"},"modified":"2024-07-25T11:09:24","modified_gmt":"2024-07-25T09:09:24","slug":"localisation-implantation","status":"publish","type":"page","link":"https:\/\/blogvaleco.com\/projeteoliendethoiresurdinan\/projet\/localisation-implantation\/","title":{"rendered":"Localisation &#038; implantation"},"content":{"rendered":"\n<div style=\"height:50px\" aria-hidden=\"true\" class=\"wp-block-spacer\"><\/div>\n\n\n\n<div id=\"annonces-map-wrapper\" data-map=>\n\t<div id=\"annonces-google-map\">\n\t\t<markers>\n\t\t\t        <marker id=\"909\"\r\n                lat=\"\"\r\n                lng=\"\"\r\n                address=\"4 rue du Progr\u00e8s 44000 NANTES\"\r\n                taxonomy=\"10\"\r\n                pin=\"cyan\">\r\n            <div class=\"marker-container gridlayout grid-2\">\r\n                <figure class=\"thumbnail\">\r\n                                        <img decoding=\"async\" src=\"\" \/>\r\n                <\/figure>\r\n                <div class=\"content\">\r\n                    <p class=\"content-title\">Agence de Nantes<\/p>\r\n                    <!-- <p class=\"content-description\"><\/p> -->\r\n                    <ul class=\"content-datas\">\r\n                                                                                                                                                                                            <li>\r\n                                    <span class=\"data-icon\"><i class=\"fas fa-map-marker-alt\"><\/i><\/span>\r\n                                    <span class=\"data-title\">Adresse<\/span>\r\n                                    <span class=\"data-content\">4 rue du Progr\u00e8s 44000 NANTES<\/span>\r\n                                <\/li>\r\n                                                                        <\/ul>\r\n                <\/div>\r\n            <\/div>\r\n            <p class=\"content-description\"><\/p>\r\n        <\/marker>         <marker id=\"907\"\r\n                lat=\"47.7410848\"\r\n                lng=\"0.4418924\"\r\n                address=\"\"\r\n                taxonomy=\"12\"\r\n                pin=\"red\">\r\n            <div class=\"marker-container gridlayout grid-2\">\r\n                <figure class=\"thumbnail\">\r\n                                        <img decoding=\"async\" src=\"\" \/>\r\n                <\/figure>\r\n                <div class=\"content\">\r\n                    <p class=\"content-title\">Poste de livraison \u00e9lectrique<\/p>\r\n                    <!-- <p class=\"content-description\"><\/p> -->\r\n                    <ul class=\"content-datas\">\r\n                                                                                                                                                                                                        <\/ul>\r\n                <\/div>\r\n            <\/div>\r\n            <p class=\"content-description\"><\/p>\r\n        <\/marker>         <marker id=\"905\"\r\n                lat=\"47.7408083\"\r\n                lng=\"0.4444475\"\r\n                address=\"\"\r\n                taxonomy=\"6\"\r\n                pin=\"green\">\r\n            <div class=\"marker-container gridlayout grid-2\">\r\n                <figure class=\"thumbnail\">\r\n                                        <img decoding=\"async\" src=\"\" \/>\r\n                <\/figure>\r\n                <div class=\"content\">\r\n                    <p class=\"content-title\">E2<\/p>\r\n                    <!-- <p class=\"content-description\"><\/p> -->\r\n                    <ul class=\"content-datas\">\r\n                                                                                                                                                                                                        <\/ul>\r\n                <\/div>\r\n            <\/div>\r\n            <p class=\"content-description\"><\/p>\r\n        <\/marker>         <marker id=\"903\"\r\n                lat=\"47.7411518\"\r\n                lng=\"0.4406346\"\r\n                address=\"\"\r\n                taxonomy=\"6\"\r\n                pin=\"green\">\r\n            <div class=\"marker-container gridlayout grid-2\">\r\n                <figure class=\"thumbnail\">\r\n                                        <img decoding=\"async\" src=\"\" \/>\r\n                <\/figure>\r\n                <div class=\"content\">\r\n                    <p class=\"content-title\">E1<\/p>\r\n                    <!-- <p class=\"content-description\"><\/p> -->\r\n                    <ul class=\"content-datas\">\r\n                                                                                                                                                                                                        <\/ul>\r\n                <\/div>\r\n            <\/div>\r\n            <p class=\"content-description\"><\/p>\r\n        <\/marker>         <marker id=\"669\"\r\n                lat=\"43.61833308516364\"\r\n                lng=\"3.823774110810987\"\r\n                address=\"188 Rue Maurice B\u00e9jart CS57392, 34184 Montpellier Cedex 4\"\r\n                taxonomy=\"10\"\r\n                pin=\"cyan\">\r\n            <div class=\"marker-container gridlayout grid-2\">\r\n                <figure class=\"thumbnail\">\r\n                                        <img decoding=\"async\" src=\"https:\/\/blogvaleco.com\/projeteoliendethoiresurdinan\/wp-content\/uploads\/sites\/33\/2024\/03\/nouveau-bureau-150x150.jpg\" \/>\r\n                <\/figure>\r\n                <div class=\"content\">\r\n                    <p class=\"content-title\">Si\u00e8ge Valeco<\/p>\r\n                    <!-- <p class=\"content-description\"><\/p> -->\r\n                    <ul class=\"content-datas\">\r\n                                                                                    <li>\r\n                                    <span class=\"data-icon\"><i class=\"fas fa-envelope\"><\/i><\/span>\r\n                                    <span class=\"data-title\">Email<\/span>\r\n                                    <span class=\"data-content\">contact@groupevaleco.com<\/span>\r\n                                <\/li>\r\n                                                                                                                <li>\r\n                                    <span class=\"data-icon\"><i class=\"fas fa-mobile-alt\"><\/i><\/span>\r\n                                    <span class=\"data-title\">Num\u00e9ro de t\u00e9l\u00e9phone<\/span>\r\n                                    <span class=\"data-content\">04 67 40 74 00<\/span>\r\n                                <\/li>\r\n                                                                                                                <li>\r\n                                    <span class=\"data-icon\"><i class=\"fas fa-map-marker-alt\"><\/i><\/span>\r\n                                    <span class=\"data-title\">Adresse<\/span>\r\n                                    <span class=\"data-content\">188 Rue Maurice B\u00e9jart CS57392, 34184 Montpellier Cedex 4<\/span>\r\n                                <\/li>\r\n                                                                        <\/ul>\r\n                <\/div>\r\n            <\/div>\r\n            <p class=\"content-description\"><\/p>\r\n        <\/marker> \t\t<\/markers>\n\t<\/div>\n\t\n\t<div class=\"annonces-taxonomies\">\n\n\t\t<div class=\"taxonomies-entete\">\n\t\t\tAnnonces\t\t<\/div>\n\n\t\t<div class=\"taxonomies-container\">\n\t\t\t\t\t\t\t<div class=\"annonces-taxonomy\">\n\t\t\t\t\t<img decoding=\"async\" src=\"https:\/\/blogvaleco.com\/projeteoliendethoiresurdinan\/wp-content\/plugins\/annonces\/modules\/annonce\/asset\/img\/pin-black.png\" \/>\n\t\t\t\t\t<span class=\"taxonomy-label active\" data-id=\"11\">Commune d&#039;implantation<\/span>\n\n\t\t\t\t\t<div class=\"taxonomies-child\">\n\t\t\t\t\t\t\t\t\t\t\t<\/div>\n\t\t\t\t<\/div>\n\t\t\t\t\t\t\t<div class=\"annonces-taxonomy\">\n\t\t\t\t\t<img decoding=\"async\" src=\"https:\/\/blogvaleco.com\/projeteoliendethoiresurdinan\/wp-content\/plugins\/annonces\/modules\/annonce\/asset\/img\/pin-green.png\" \/>\n\t\t\t\t\t<span class=\"taxonomy-label active\" data-id=\"6\">Eoliennes<\/span>\n\n\t\t\t\t\t<div class=\"taxonomies-child\">\n\t\t\t\t\t\t\t\t\t\t\t<\/div>\n\t\t\t\t<\/div>\n\t\t\t\t\t\t\t<div class=\"annonces-taxonomy\">\n\t\t\t\t\t<img decoding=\"async\" src=\"https:\/\/blogvaleco.com\/projeteoliendethoiresurdinan\/wp-content\/plugins\/annonces\/modules\/annonce\/asset\/img\/pin-cyan.png\" \/>\n\t\t\t\t\t<span class=\"taxonomy-label active\" data-id=\"10\">Locaux Valeco<\/span>\n\n\t\t\t\t\t<div class=\"taxonomies-child\">\n\t\t\t\t\t\t\t\t\t\t\t<\/div>\n\t\t\t\t<\/div>\n\t\t\t\t\t\t\t<div class=\"annonces-taxonomy\">\n\t\t\t\t\t<img decoding=\"async\" src=\"https:\/\/blogvaleco.com\/projeteoliendethoiresurdinan\/wp-content\/plugins\/annonces\/modules\/annonce\/asset\/img\/pin-red.png\" \/>\n\t\t\t\t\t<span class=\"taxonomy-label active\" data-id=\"12\">Poste de livraison \u00e9lectrique<\/span>\n\n\t\t\t\t\t<div class=\"taxonomies-child\">\n\t\t\t\t\t\t\t\t\t\t\t<\/div>\n\t\t\t\t<\/div>\n\t\t\t\t\t\t\t<div class=\"annonces-taxonomy\">\n\t\t\t\t\t<img decoding=\"async\" src=\"https:\/\/blogvaleco.com\/projeteoliendethoiresurdinan\/wp-content\/plugins\/annonces\/modules\/annonce\/asset\/img\/pin-yellow.png\" \/>\n\t\t\t\t\t<span class=\"taxonomy-label active\" data-id=\"7\">Prises de vue<\/span>\n\n\t\t\t\t\t<div class=\"taxonomies-child\">\n\t\t\t\t\t\t\t\t\t\t\t<\/div>\n\t\t\t\t<\/div>\n\t\t\t\t\t<\/div>\n\t<\/div>\n<\/div>\n\n\n\n\n<div style=\"height:50px\" aria-hidden=\"true\" class=\"wp-block-spacer\"><\/div>\n","protected":false},"excerpt":{"rendered":"","protected":false},"author":1,"featured_media":572,"parent":15,"menu_order":0,"comment_status":"closed","ping_status":"closed","template":"","meta":{"_acf_changed":false,"inline_featured_image":false,"footnotes":""},"class_list":["post-151","page","type-page","status-publish","has-post-thumbnail","hentry"],"acf":[],"_links":{"self":[{"href":"https:\/\/blogvaleco.com\/projeteoliendethoiresurdinan\/wp-json\/wp\/v2\/pages\/151","targetHints":{"allow":["GET"]}}],"collection":[{"href":"https:\/\/blogvaleco.com\/projeteoliendethoiresurdinan\/wp-json\/wp\/v2\/pages"}],"about":[{"href":"https:\/\/blogvaleco.com\/projeteoliendethoiresurdinan\/wp-json\/wp\/v2\/types\/page"}],"author":[{"embeddable":true,"href":"https:\/\/blogvaleco.com\/projeteoliendethoiresurdinan\/wp-json\/wp\/v2\/users\/1"}],"replies":[{"embeddable":true,"href":"https:\/\/blogvaleco.com\/projeteoliendethoiresurdinan\/wp-json\/wp\/v2\/comments?post=151"}],"version-history":[{"count":6,"href":"https:\/\/blogvaleco.com\/projeteoliendethoiresurdinan\/wp-json\/wp\/v2\/pages\/151\/revisions"}],"predecessor-version":[{"id":253,"href":"https:\/\/blogvaleco.com\/projeteoliendethoiresurdinan\/wp-json\/wp\/v2\/pages\/151\/revisions\/253"}],"up":[{"embeddable":true,"href":"https:\/\/blogvaleco.com\/projeteoliendethoiresurdinan\/wp-json\/wp\/v2\/pages\/15"}],"wp:featuredmedia":[{"embeddable":true,"href":"https:\/\/blogvaleco.com\/projeteoliendethoiresurdinan\/wp-json\/wp\/v2\/media\/572"}],"wp:attachment":[{"href":"https:\/\/blogvaleco.com\/projeteoliendethoiresurdinan\/wp-json\/wp\/v2\/media?parent=151"}],"curies":[{"name":"wp","href":"https:\/\/api.w.org\/{rel}","templated":true}]}}