{"id":19,"date":"2024-03-06T10:46:40","date_gmt":"2024-03-06T09:46:40","guid":{"rendered":"https:\/\/blogs.groupevaleco.com\/site-modele\/?page_id=19"},"modified":"2024-07-25T10:53:10","modified_gmt":"2024-07-25T08:53:10","slug":"energie-eolienne","status":"publish","type":"page","link":"https:\/\/blogvaleco.com\/projeteoliendeforbeauvoisin\/energie-eolienne\/","title":{"rendered":"\u00c9nergie \u00e9olienne"},"content":{"rendered":"\n<p><\/p>\n\n\n\n<p><\/p>\n\n\n\n<figure class=\"wp-block-pullquote has-secondary-color has-text-color has-link-color has-large-font-size wp-elements-5a929dc54dcfad7a425452746ca09d23\" style=\"padding-top:var(--wp--preset--spacing--20);padding-bottom:var(--wp--preset--spacing--20)\"><blockquote><p>L&rsquo;\u00e9nergie \u00e9olienne repr\u00e9sente aujourd&rsquo;hui plus de 10% de la production \u00e9nerg\u00e9tique fran\u00e7aise<\/p><cite>Source : RTE<\/cite><\/blockquote><\/figure>\n\n\n\n<div class=\"wp-block-group alignfull is-layout-constrained wp-block-group-is-layout-constrained\" style=\"margin-top:0;padding-top:var(--wp--preset--spacing--60);padding-bottom:var(--wp--preset--spacing--60)\">\n<div class=\"wp-block-media-text has-media-on-the-right is-stacked-on-mobile\" style=\"grid-template-columns:auto 31%\"><div class=\"wp-block-media-text__content\">\n<h2 class=\"wp-block-heading\">Pourquoi un projet de parc \u00e9olien ?<\/h2>\n\n\n\n<p>La crise climatique nous impose un changement dans nos modes de consommation mais aussi dans nos modes de production, et notamment \u00e9nerg\u00e9tiques. La publication du premier volume du 6\u00e8me rapport d\u2019\u00e9valuation du Groupe d\u2019experts Intergouvernemental sur l\u2019Evolution du Climat (GIEC) le 9 ao\u00fbt 2021 est une piq\u00fbre de rappel sur l\u2019urgence \u00e9cologique et l\u2019importance de la lutte contre le r\u00e9chauffement climatique.<\/p>\n\n\n\n<p><strong>A l&rsquo;\u00e9chelle mondiale, le secteur \u00e9nerg\u00e9tique a une responsabilit\u00e9 premi\u00e8re dans le r\u00e9chauffement climatique<\/strong><\/p>\n\n\n\n<p><em>Source : Chiffres cl\u00e9s du climat France, Europe et Monde &#8211; MTES &#8211; 2021<\/em><\/p>\n\n\n\n<p>La production d&rsquo;\u00e9lectricit\u00e9 \u00e9tait en 2018 le premier poste d&rsquo;\u00e9mission de CO<sub>2<\/sub>&nbsp;dans le monde avec, en 2018, 41 % du total des \u00e9missions de gaz \u00e0 effets de serre dues \u00e0 la combustion d\u2019\u00e9nergie.<\/p>\n\n\n\n<p>La politique de transition \u00e9nerg\u00e9tique a \u00e9merg\u00e9 comme une r\u00e9ponse \u00e0 cette probl\u00e9matique sur la base de trois leviers d\u2019action&nbsp;:&nbsp;<\/p>\n\n\n\n<ul class=\"wp-block-list\">\n<li>La diminution de la consommation d\u2019\u00e9nergie (sobri\u00e9t\u00e9) ;<\/li>\n\n\n\n<li>L\u2019am\u00e9lioration de l\u2019efficacit\u00e9 \u00e9nerg\u00e9tique ;<\/li>\n\n\n\n<li>L\u2019accroissement de la part des \u00e9nergies renouvelables dans le mix \u00e9nerg\u00e9tique.<\/li>\n<\/ul>\n\n\n\n<p>Plusieurs enjeux ont vocation \u00e0 \u00eatre trait\u00e9s avec cette politique de transition \u00e9nerg\u00e9tique. D\u2019une part, elle doit permettre l\u2019atteinte des objectifs de r\u00e9duction des \u00e9missions de gaz \u00e0 effet de serre mais elle permet aussi la r\u00e9duction de la d\u00e9pendance \u00e9nerg\u00e9tique internationale, la relocalisation et d\u00e9centralisation de nos centrales de production d\u2019\u00e9nergie, la s\u00e9curisation des syst\u00e8mes \u00e9nerg\u00e9tiques, etc.<\/p>\n\n\n\n<p><strong>La transition \u00e9nerg\u00e9tique est un objectif national, europ\u00e9en et international<\/strong>. Diff\u00e9rents textes de loi ont \u00e9t\u00e9 pris pour transformer le syst\u00e8me \u00e9nerg\u00e9tique fran\u00e7ais aux enjeux climatiques modernes. La Loi relative \u00e0 la transition \u00e9nerg\u00e9tique pour la croissance verte (LTECV), adopt\u00e9e en ao\u00fbt 2015, consacre et d\u00e9finit le concept de transition \u00e9nerg\u00e9tique :&nbsp;<em><strong>\u00ab&nbsp;<\/strong><strong><em>L<\/em>a transition \u00e9nerg\u00e9tique est un mode de d\u00e9veloppement \u00e9conomique respectueux de l\u2019environnement, \u00e0 la fois sobre et efficace en \u00e9nergie et en consommation de ressources et de carbone, socialement inclusif, soutenant le potentiel d\u2019innovation et garant de la comp\u00e9titivit\u00e9 des entreprises<\/strong><strong>&nbsp;\u00bb<\/strong><\/em>.<\/p>\n\n\n\n<p>La Programmation pluriannuelle de l\u2019\u00e9nergie est venue pr\u00e9ciser cette loi avec des objectifs chiffr\u00e9s, notamment concernant l\u2019\u00e9nergie \u00e9olienne.&nbsp;<strong>Ainsi, en 2028 en France, la production d\u2019\u00e9lectricit\u00e9 par l\u2019\u00e9olien terrestre devra atteindre une capacit\u00e9 de 33,2 \u00e0 34,7 GW alors que la capacit\u00e9 install\u00e9e \u00e9tait de 18,5 GW au 31 d\u00e9cembre 2021<\/strong>.<\/p>\n\n\n\n<p>C\u2019est dans ce cadre que des projets de parcs \u00e9oliens sont d\u00e9velopp\u00e9s et construits en France aujourd\u2019hui.&nbsp;<\/p>\n<\/div><figure class=\"wp-block-media-text__media\"><img loading=\"lazy\" decoding=\"async\" width=\"662\" height=\"741\" src=\"https:\/\/blogvaleco.com\/projeteoliendeforbeauvoisin\/wp-content\/uploads\/sites\/15\/2024\/03\/repartition-emissions-energie.png\" alt=\"\" class=\"wp-image-313 size-full\" srcset=\"https:\/\/blogvaleco.com\/projeteoliendeforbeauvoisin\/wp-content\/uploads\/sites\/15\/2024\/03\/repartition-emissions-energie.png 662w, https:\/\/blogvaleco.com\/projeteoliendeforbeauvoisin\/wp-content\/uploads\/sites\/15\/2024\/03\/repartition-emissions-energie-268x300.png 268w\" sizes=\"auto, (max-width: 662px) 100vw, 662px\" \/><\/figure><\/div>\n<\/div>\n\n\n\n<h2 class=\"wp-block-heading\">La composition d&rsquo;une \u00e9olienne<\/h2>\n\n\n\n<div class=\"wp-block-media-text is-stacked-on-mobile\"><figure class=\"wp-block-media-text__media\"><img loading=\"lazy\" decoding=\"async\" width=\"466\" height=\"476\" src=\"https:\/\/blogvaleco.com\/projeteoliendeforbeauvoisin\/wp-content\/uploads\/sites\/15\/2024\/05\/Capture-decran-2024-05-24-183355.png\" alt=\"\" class=\"wp-image-463 size-full\" srcset=\"https:\/\/blogvaleco.com\/projeteoliendeforbeauvoisin\/wp-content\/uploads\/sites\/15\/2024\/05\/Capture-decran-2024-05-24-183355.png 466w, https:\/\/blogvaleco.com\/projeteoliendeforbeauvoisin\/wp-content\/uploads\/sites\/15\/2024\/05\/Capture-decran-2024-05-24-183355-294x300.png 294w\" sizes=\"auto, (max-width: 466px) 100vw, 466px\" \/><\/figure><div class=\"wp-block-media-text__content\">\n<p><img decoding=\"async\" src=\"https:\/\/blog.groupevaleco.com\/images\/medias\/flix-voucher-1078048117.pdf?1597240465\" alt=\"\">Une \u00e9olienne est compos\u00e9e de :<\/p>\n\n\n\n<ul class=\"wp-block-list\">\n<li>trois pales r\u00e9unies au moyeu ; l\u2019ensemble est appel\u00e9 rotor ;<\/li>\n\n\n\n<li>une nacelle supportant le rotor, dans laquelle se trouve des \u00e9l\u00e9ments techniques indispensables \u00e0 la cr\u00e9ation d\u2019\u00e9lectricit\u00e9 (multiplicateur, g\u00e9n\u00e9ratrice, \u2026) ;<\/li>\n\n\n\n<li>un m\u00e2t maintenant la nacelle et le rotor ;<\/li>\n\n\n\n<li>une fondation assurant l\u2019ancrage de l\u2019ensemble.<\/li>\n<\/ul>\n\n\n\n<p>Un parc \u00e9olien est compos\u00e9 de plusieurs \u00e9oliennes ; un ou plusieurs postes de livraison \u00e9lectrique ; liaisons \u00e9lectriques (syst\u00e9matiquement enterr\u00e9es) et de t\u00e9l\u00e9communication ainsi que de chemins d\u2019acc\u00e8s.<\/p>\n\n\n\n<p>A l&rsquo;issue de l&rsquo;exploitation d&rsquo;un parc \u00e9olien (25 \u00e0 30 ans), l&rsquo;\u00e9olienne et sa fondation sont compl\u00e8tement d\u00e9mantel\u00e9e pour \u00eatre en grande partie recycl\u00e9e. Le site peut alors soit accueillir une nouvelle turbine plus performante (\u00ab\u00a0repowering\u00a0\u00bb), soit \u00eatre remis en \u00e9tat. Il s&rsquo;agit d&rsquo;obligations r\u00e9glementaires.<\/p>\n<\/div><\/div>\n\n\n\n<p><\/p>\n\n\n\n<h2 class=\"wp-block-heading\">Le mix \u00e9nerg\u00e9tique fran\u00e7ais<\/h2>\n\n\n\n<p>Contrairement \u00e0 une id\u00e9e largement r\u00e9pondue, le <strong>mix \u00e9nerg\u00e9tique<\/strong> fran\u00e7ais n&rsquo;est pas faiblement carbon\u00e9. En effet, seule la part \u00e9lectrique du mix \u00e9nerg\u00e9tique l&rsquo;est, gr\u00e2ce aux \u00e9nergies renouvelables (hydraulique, \u00e9olien, solaire, m\u00e9thanisation, &#8230;) et au nucl\u00e9aire. Or, l&rsquo;\u00e9lectricit\u00e9 ne repr\u00e9sente qu&rsquo;1\/3 du mix \u00e9nerg\u00e9tique global, qui contient quand \u00e0 lui du p\u00e9trole et du gaz essentiellement pour le transport et l&rsquo;industrie.<\/p>\n\n\n\n<p>L&rsquo;objectif afin d&rsquo;arriver \u00e0 la neutralit\u00e9 carbone en 2050 est donc d&rsquo;agir sur 2 leviers : la <strong>consommation<\/strong> ET la <strong>production<\/strong>.<\/p>\n\n\n\n<figure class=\"wp-block-image size-large\"><img loading=\"lazy\" decoding=\"async\" width=\"1024\" height=\"514\" src=\"https:\/\/blogvaleco.com\/projeteoliendeforbeauvoisin\/wp-content\/uploads\/sites\/15\/2024\/07\/240724_SNBC_projection_RTE-1024x514.png\" alt=\"Extrait du rapport Futurs Energ\u00e9tiques 20250 de RTE, page 50\/992.\" class=\"wp-image-515\" srcset=\"https:\/\/blogvaleco.com\/projeteoliendeforbeauvoisin\/wp-content\/uploads\/sites\/15\/2024\/07\/240724_SNBC_projection_RTE-1024x514.png 1024w, https:\/\/blogvaleco.com\/projeteoliendeforbeauvoisin\/wp-content\/uploads\/sites\/15\/2024\/07\/240724_SNBC_projection_RTE-300x151.png 300w, https:\/\/blogvaleco.com\/projeteoliendeforbeauvoisin\/wp-content\/uploads\/sites\/15\/2024\/07\/240724_SNBC_projection_RTE-768x386.png 768w, https:\/\/blogvaleco.com\/projeteoliendeforbeauvoisin\/wp-content\/uploads\/sites\/15\/2024\/07\/240724_SNBC_projection_RTE.png 1368w\" sizes=\"auto, (max-width: 1024px) 100vw, 1024px\" \/><figcaption class=\"wp-element-caption\">\u00c9volution de la consommation totale d\u2019\u00e9lectricit\u00e9 et de la consommation d\u2019\u00e9nergie finale pour les autres \u00e9nergies en France (<a href=\"https:\/\/www.rte-france.com\/analyses-tendances-et-prospectives\/bilan-previsionnel-2050-futurs-energetiques\">Futurs Energ\u00e9tiques 2050<\/a>, p. 50\/992)<\/figcaption><\/figure>\n\n\n\n<p>Ci-dessus un graphique illustrant le <strong>mix \u00e9nerg\u00e9tique fran\u00e7ais<\/strong> et sa projection jusqu&rsquo;\u00e0 un horizon 2050. Il montre qu&rsquo;en vue d&rsquo;arriver \u00e0 la neutralit\u00e9 carbone en 2050, une rupture est n\u00e9cessaire au niveau de la consommation avec plus d&rsquo;efficacit\u00e9, de sobri\u00e9t\u00e9 \u00e9nerg\u00e9tique. Cependant, la sobri\u00e9t\u00e9 ne suffira pas pour que la transition soit socialement acceptable, ainsi, il faudra \u00e9galement produire d&rsquo;avantage d&rsquo;\u00e9lectricit\u00e9 d\u00e9carbon\u00e9e de mani\u00e8re \u00e0 pouvoir assurer une consommation minimale d&rsquo;\u00e9nergie. C&rsquo;est la <strong>transition \u00e9nerg\u00e9tique<\/strong>.<\/p>\n\n\n\n<figure class=\"wp-block-image size-large\"><img loading=\"lazy\" decoding=\"async\" width=\"1024\" height=\"473\" src=\"https:\/\/blogvaleco.com\/projeteoliendeforbeauvoisin\/wp-content\/uploads\/sites\/15\/2024\/07\/image-1024x473.png\" alt=\"\" class=\"wp-image-516\" srcset=\"https:\/\/blogvaleco.com\/projeteoliendeforbeauvoisin\/wp-content\/uploads\/sites\/15\/2024\/07\/image-1024x473.png 1024w, https:\/\/blogvaleco.com\/projeteoliendeforbeauvoisin\/wp-content\/uploads\/sites\/15\/2024\/07\/image-300x139.png 300w, https:\/\/blogvaleco.com\/projeteoliendeforbeauvoisin\/wp-content\/uploads\/sites\/15\/2024\/07\/image-768x355.png 768w, https:\/\/blogvaleco.com\/projeteoliendeforbeauvoisin\/wp-content\/uploads\/sites\/15\/2024\/07\/image.png 1126w\" sizes=\"auto, (max-width: 1024px) 100vw, 1024px\" \/><figcaption class=\"wp-element-caption\">Consommation d\u2019\u00e9nergie finale en France et dans la SNBC (<a href=\"https:\/\/www.rte-france.com\/analyses-tendances-et-prospectives\/bilan-previsionnel-2050-futurs-energetiques\">Futurs Energ\u00e9tiques 2050<\/a>, page 47\/992)<\/figcaption><\/figure>\n\n\n\n<p>Ci-dessus la comparaison du mix \u00e9lectrique en 2020 et celui projet\u00e9, en 2050. La consommation totale d&rsquo;\u00e9nergie diminue de 40% en passant de 1600TWh \u00e0 930TWh gr\u00e2ce \u00e0 l&rsquo;arr\u00eat de consommation des \u00e9nergies fossiles, dans le m\u00eame temps la consommation d&rsquo;\u00e9lectricit\u00e9 (bas carbone) augmentera pour passer d&rsquo;environ 450 \u00e0 500TWh\/an aujourd&rsquo;hui \u00e0 650TWh\/an en 2050.<\/p>\n\n\n\n<p><strong>Pour assurer cette augmentation de la demande \u00e9lectrique et donc l&rsquo;atteinte de la neutralit\u00e9 carbone, un d\u00e9veloppement important des \u00e9nergies renouvelables, coupl\u00e9 \u00e0 des efforts de sobri\u00e9t\u00e9 vont \u00eatre indispensables d&rsquo;ici 2050. Il est mat\u00e9riellement impossible de faire autrement.<\/strong><\/p>\n\n\n\n<p><\/p>\n","protected":false},"excerpt":{"rendered":"<p>L&rsquo;\u00e9nergie \u00e9olienne repr\u00e9sente aujourd&rsquo;hui plus de 10% de la production \u00e9nerg\u00e9tique fran\u00e7aise Source : RTE Pourquoi un projet de parc \u00e9olien ? La crise climatique nous impose un changement dans nos modes de consommation mais aussi dans nos modes de production, et notamment \u00e9nerg\u00e9tiques. La publication du premier volume du 6\u00e8me rapport d\u2019\u00e9valuation du Groupe [&hellip;]<\/p>\n","protected":false},"author":1,"featured_media":551,"parent":0,"menu_order":0,"comment_status":"closed","ping_status":"closed","template":"","meta":{"_acf_changed":false,"inline_featured_image":false,"footnotes":""},"class_list":["post-19","page","type-page","status-publish","has-post-thumbnail","hentry"],"acf":[],"_links":{"self":[{"href":"https:\/\/blogvaleco.com\/projeteoliendeforbeauvoisin\/wp-json\/wp\/v2\/pages\/19","targetHints":{"allow":["GET"]}}],"collection":[{"href":"https:\/\/blogvaleco.com\/projeteoliendeforbeauvoisin\/wp-json\/wp\/v2\/pages"}],"about":[{"href":"https:\/\/blogvaleco.com\/projeteoliendeforbeauvoisin\/wp-json\/wp\/v2\/types\/page"}],"author":[{"embeddable":true,"href":"https:\/\/blogvaleco.com\/projeteoliendeforbeauvoisin\/wp-json\/wp\/v2\/users\/1"}],"replies":[{"embeddable":true,"href":"https:\/\/blogvaleco.com\/projeteoliendeforbeauvoisin\/wp-json\/wp\/v2\/comments?post=19"}],"version-history":[{"count":13,"href":"https:\/\/blogvaleco.com\/projeteoliendeforbeauvoisin\/wp-json\/wp\/v2\/pages\/19\/revisions"}],"predecessor-version":[{"id":518,"href":"https:\/\/blogvaleco.com\/projeteoliendeforbeauvoisin\/wp-json\/wp\/v2\/pages\/19\/revisions\/518"}],"wp:featuredmedia":[{"embeddable":true,"href":"https:\/\/blogvaleco.com\/projeteoliendeforbeauvoisin\/wp-json\/wp\/v2\/media\/551"}],"wp:attachment":[{"href":"https:\/\/blogvaleco.com\/projeteoliendeforbeauvoisin\/wp-json\/wp\/v2\/media?parent=19"}],"curies":[{"name":"wp","href":"https:\/\/api.w.org\/{rel}","templated":true}]}}