{"id":155,"date":"2024-03-07T18:00:37","date_gmt":"2024-03-07T17:00:37","guid":{"rendered":"https:\/\/blogs.groupevaleco.com\/site-modele\/?page_id=155"},"modified":"2024-11-26T09:46:09","modified_gmt":"2024-11-26T08:46:09","slug":"les-etudes","status":"publish","type":"page","link":"https:\/\/blogvaleco.com\/projeteoliendeforbeauvoisin\/projet\/les-etudes\/","title":{"rendered":"Les \u00e9tudes"},"content":{"rendered":"\n<div class=\"wp-block-group alignfull is-layout-constrained wp-block-group-is-layout-constrained\" style=\"margin-top:0;padding-top:var(--wp--preset--spacing--60);padding-bottom:var(--wp--preset--spacing--60)\">\n<div class=\"wp-block-media-text has-media-on-the-right is-stacked-on-mobile\"><div class=\"wp-block-media-text__content\">\n<h2 class=\"wp-block-heading\">L&rsquo;\u00e9tude de la biodiversit\u00e9<\/h2>\n\n\n\n<p>L&rsquo;\u00e9tude environnementale est la premi\u00e8re lanc\u00e9e lors du d\u00e9veloppement d&rsquo;un projet \u00e9olien. Men\u00e9e par un bureau d&rsquo;\u00e9tude sp\u00e9cialis\u00e9, elle consiste \u00e0 r\u00e9aliser un inventaire complet de la faune, de la flore aux abords imm\u00e9diats du site mais aussi dans ses alentours.<\/p>\n\n\n\n<p>L&rsquo;inventaire dure 1 ann\u00e9e compl\u00e8te de mani\u00e8re \u00e0 couvrir l&rsquo;ensemble du cycle biologique des esp\u00e8ces.<\/p>\n\n\n\n<p>A l&rsquo;issue de ces inventaires, le porteur du projet va pouvoir dimensionner son parc en appliquant la d\u00e9marche E.R.C (Eviter, R\u00e9duire, Compenser), avec l&rsquo;appui du bureau d&rsquo;\u00e9tude ayant r\u00e9alis\u00e9 le terrain.<\/p>\n\n\n\n<blockquote class=\"wp-block-quote is-layout-flow wp-block-quote-is-layout-flow\">\n<p>Ci-contre, un busard cendr\u00e9 photographi\u00e9 dans l&rsquo;Aisne <strong>(\u00a9Brieuc Pillorget)<\/strong><\/p>\n<\/blockquote>\n<\/div><figure class=\"wp-block-media-text__media\"><img loading=\"lazy\" decoding=\"async\" width=\"863\" height=\"597\" src=\"https:\/\/blogvaleco.com\/projeteoliendeforbeauvoisin\/wp-content\/uploads\/sites\/15\/2024\/07\/Busard-cendre_Brieuc-Pillorget_photodoiso.png\" alt=\"\" class=\"wp-image-521 size-full\" srcset=\"https:\/\/blogvaleco.com\/projeteoliendeforbeauvoisin\/wp-content\/uploads\/sites\/15\/2024\/07\/Busard-cendre_Brieuc-Pillorget_photodoiso.png 863w, https:\/\/blogvaleco.com\/projeteoliendeforbeauvoisin\/wp-content\/uploads\/sites\/15\/2024\/07\/Busard-cendre_Brieuc-Pillorget_photodoiso-300x208.png 300w, https:\/\/blogvaleco.com\/projeteoliendeforbeauvoisin\/wp-content\/uploads\/sites\/15\/2024\/07\/Busard-cendre_Brieuc-Pillorget_photodoiso-768x531.png 768w\" sizes=\"auto, (max-width: 863px) 100vw, 863px\" \/><\/figure><\/div>\n\n\n\n<div class=\"wp-block-media-text is-stacked-on-mobile\" style=\"grid-template-columns:24% auto\"><figure class=\"wp-block-media-text__media\"><img loading=\"lazy\" decoding=\"async\" width=\"662\" height=\"1024\" src=\"https:\/\/blogvaleco.com\/projeteoliendeforbeauvoisin\/wp-content\/uploads\/sites\/15\/2024\/07\/IMG_6283-662x1024.jpg\" alt=\"\" class=\"wp-image-527 size-full\" srcset=\"https:\/\/blogvaleco.com\/projeteoliendeforbeauvoisin\/wp-content\/uploads\/sites\/15\/2024\/07\/IMG_6283-662x1024.jpg 662w, https:\/\/blogvaleco.com\/projeteoliendeforbeauvoisin\/wp-content\/uploads\/sites\/15\/2024\/07\/IMG_6283-194x300.jpg 194w, https:\/\/blogvaleco.com\/projeteoliendeforbeauvoisin\/wp-content\/uploads\/sites\/15\/2024\/07\/IMG_6283-768x1189.jpg 768w, https:\/\/blogvaleco.com\/projeteoliendeforbeauvoisin\/wp-content\/uploads\/sites\/15\/2024\/07\/IMG_6283-993x1536.jpg 993w, https:\/\/blogvaleco.com\/projeteoliendeforbeauvoisin\/wp-content\/uploads\/sites\/15\/2024\/07\/IMG_6283.jpg 1030w\" sizes=\"auto, (max-width: 662px) 100vw, 662px\" \/><\/figure><div class=\"wp-block-media-text__content\">\n<h2 class=\"wp-block-heading has-secondary-color has-text-color has-link-color wp-elements-86e4b6c52c02435730fa8d1873fde9df\">L&rsquo;\u00e9tude acoustique<\/h2>\n\n\n\n<p>L&rsquo;\u00e9tude acoustique s&rsquo;articule autour de 3 points <\/p>\n\n\n\n<ol class=\"wp-block-list\">\n<li><strong>Mesure du bruit r\u00e9siduel <\/strong>: cette \u00e9tape consiste \u00e0 r\u00e9aliser une campagne de mesures afin de dresser l\u2019\u00e9tat initial du paysage sonore avant la future implantation d\u2019\u00e9oliennes. Pour cela, l\u2019acousticien va placer des micros sur tous les hameaux\/villages\/villes entourant le projet<\/li>\n\n\n\n<li><strong>Calculs de propagation acoustique <\/strong>: le bruit particulier. L\u2019objectif est ici de d\u00e9terminer le bruit g\u00e9n\u00e9r\u00e9 par la somme de toutes les futures \u00e9oliennes du projet, et seulement des \u00e9oliennes (sans le bruit de fond) : le bruit particulier.<\/li>\n\n\n\n<li><strong>Calculs et conformit\u00e9 <\/strong>: l\u2019\u00e9mergence et le bridage. Les \u00e9mergences sont donc estim\u00e9es pour les habitations les plus proches, pour chaque vitesse et direction de vent, pour le jour et la nuit. En cas de d\u00e9passement des seuils r\u00e9glementaires, l\u2019acousticien propose une solution de fonctionnement du parc pour baisser le bruit des \u00e9oliennes : bridages et\/ou arr\u00eat(voir derni\u00e8re partie). Le but de toute l\u2019\u00e9tude d\u2019impact acoustique est notamment de dimensionner ce \u00ab plan de bridage \u00bb. Selon les pr\u00e9conisations de l\u2019acousticien, une modification de l\u2019implantation peut \u00eatre d\u00e9cid\u00e9e par le d\u00e9veloppeur (d\u00e9calage ou suppression d\u2019une ou plusieurs \u00e9oliennes).<\/li>\n<\/ol>\n\n\n\n<blockquote class=\"wp-block-quote is-layout-flow wp-block-quote-is-layout-flow\">\n<p>Ci-contre, un micro \u00e9quip\u00e9 d&rsquo;une boule anti-vent et anti-pluie, avec la batterie \u00e0 ses pieds.<\/p>\n<\/blockquote>\n<\/div><\/div>\n\n\n\n<div class=\"wp-block-media-text has-media-on-the-right is-stacked-on-mobile\" style=\"grid-template-columns:auto 44%\"><div class=\"wp-block-media-text__content\">\n<h2 class=\"wp-block-heading\">L&rsquo;\u00e9tude paysagere et patrimoniale<\/h2>\n\n\n\n<p>Ce volet consiste \u00e0 analyser le projet \u00e0 diff\u00e9rentes \u00e9chelles : rapproch\u00e9e, interm\u00e9diaire, \u00e9loign\u00e9e&#8230; Elle prend en compte les diff\u00e9rents enjeux (paysages embl\u00e9matiques, monuments historiques, etc.) afin d&rsquo;orienter le dimensionnement du projet de mani\u00e8re \u00e0 ce qu&rsquo;il s&rsquo;int\u00e8gre le mieux possible dans le paysage.<\/p>\n\n\n\n<p>Cela passe \u00e9galement par la r\u00e9alisation de photomontages, dont le proc\u00e9d\u00e9 est norm\u00e9 de mani\u00e8re \u00e0 ce que le rendu soit le plus r\u00e9aliste possible. Les photomontages sont r\u00e9alis\u00e9s via des logiciels sp\u00e9cialis\u00e9s utilisant des Mod\u00e8les Num\u00e9riques de Terrain (MNT) qui permettent de caler tr\u00e8s pr\u00e9cis\u00e9ment les \u00e9oliennes sur l&rsquo;horizon.<\/p>\n\n\n\n<blockquote class=\"wp-block-quote is-layout-flow wp-block-quote-is-layout-flow\">\n<p>Ci-contre, une prise de vue pour r\u00e9aliser un photomontage au Ch\u00e2teau de La Rochefoucauld (16).<\/p>\n<\/blockquote>\n<\/div><figure class=\"wp-block-media-text__media\"><img loading=\"lazy\" decoding=\"async\" width=\"1024\" height=\"768\" src=\"https:\/\/blogvaleco.com\/projeteoliendeforbeauvoisin\/wp-content\/uploads\/sites\/15\/2024\/07\/IMG_8637-1024x768.jpg\" alt=\"\" class=\"wp-image-523 size-full\" srcset=\"https:\/\/blogvaleco.com\/projeteoliendeforbeauvoisin\/wp-content\/uploads\/sites\/15\/2024\/07\/IMG_8637-1024x768.jpg 1024w, https:\/\/blogvaleco.com\/projeteoliendeforbeauvoisin\/wp-content\/uploads\/sites\/15\/2024\/07\/IMG_8637-300x225.jpg 300w, https:\/\/blogvaleco.com\/projeteoliendeforbeauvoisin\/wp-content\/uploads\/sites\/15\/2024\/07\/IMG_8637-768x576.jpg 768w, https:\/\/blogvaleco.com\/projeteoliendeforbeauvoisin\/wp-content\/uploads\/sites\/15\/2024\/07\/IMG_8637-1536x1152.jpg 1536w, https:\/\/blogvaleco.com\/projeteoliendeforbeauvoisin\/wp-content\/uploads\/sites\/15\/2024\/07\/IMG_8637-2048x1536.jpg 2048w\" sizes=\"auto, (max-width: 1024px) 100vw, 1024px\" \/><\/figure><\/div>\n\n\n\n<div class=\"wp-block-media-text is-stacked-on-mobile\" style=\"grid-template-columns:28% auto\"><figure class=\"wp-block-media-text__media\"><img loading=\"lazy\" decoding=\"async\" width=\"529\" height=\"600\" src=\"https:\/\/blogvaleco.com\/projeteoliendeforbeauvoisin\/wp-content\/uploads\/sites\/15\/2021\/12\/image.png\" alt=\"\" class=\"wp-image-1070 size-full\" srcset=\"https:\/\/blogvaleco.com\/projeteoliendeforbeauvoisin\/wp-content\/uploads\/sites\/15\/2021\/12\/image.png 529w, https:\/\/blogvaleco.com\/projeteoliendeforbeauvoisin\/wp-content\/uploads\/sites\/15\/2021\/12\/image-265x300.png 265w\" sizes=\"auto, (max-width: 529px) 100vw, 529px\" \/><\/figure><div class=\"wp-block-media-text__content\">\n<h2 class=\"wp-block-heading has-secondary-color has-text-color has-link-color wp-elements-785305cda328ac484d45cf35357faa89\">L&rsquo;\u00e9tude de gisement <\/h2>\n\n\n\n<p>Une campagne de mesure de vent sur site est essentielle pour caract\u00e9riser la ressource en vent<br>(puissance, fr\u00e9quence, direction, densit\u00e9).<\/p>\n\n\n\n<p>C\u2019est pourquoi un Lidar a \u00e9t\u00e9 install\u00e9 en d\u00e9cembre 2021\u00a0sur une parcelle agricole de Girauvoisin, entre les for\u00eats communales. <\/p>\n\n\n\n<p>Un Lidar est un instrument de mesure permettant de calculer la vitesse du vent \u00e0 diff\u00e9rentes<br>altitudes. Il envoie un faisceau lumineux invisible \u00e0 la verticale et analyse sa r\u00e9flexion dans l\u2019air.<\/p>\n\n\n\n<p>Les mesures ont \u00e9t\u00e9 r\u00e9alis\u00e9es sur une dur\u00e9e de 8 mois, jusqu&rsquo;en ao\u00fbt 2022.<\/p>\n\n\n\n<blockquote class=\"wp-block-quote is-layout-flow wp-block-quote-is-layout-flow\">\n<p>Ci-contre, le Lidar install\u00e9 \u00e0 Girauvoisin dans le cadre du projet.<\/p>\n<\/blockquote>\n<\/div><\/div>\n<\/div>\n\n\n\n<p><\/p>\n","protected":false},"excerpt":{"rendered":"<p>L&rsquo;\u00e9tude de la biodiversit\u00e9 L&rsquo;\u00e9tude environnementale est la premi\u00e8re lanc\u00e9e lors du d\u00e9veloppement d&rsquo;un projet \u00e9olien. Men\u00e9e par un bureau d&rsquo;\u00e9tude sp\u00e9cialis\u00e9, elle consiste \u00e0 r\u00e9aliser un inventaire complet de la faune, de la flore aux abords imm\u00e9diats du site mais aussi dans ses alentours. L&rsquo;inventaire dure 1 ann\u00e9e compl\u00e8te de mani\u00e8re \u00e0 couvrir l&rsquo;ensemble [&hellip;]<\/p>\n","protected":false},"author":1,"featured_media":562,"parent":15,"menu_order":0,"comment_status":"closed","ping_status":"closed","template":"","meta":{"_acf_changed":false,"inline_featured_image":false,"footnotes":""},"class_list":["post-155","page","type-page","status-publish","has-post-thumbnail","hentry"],"acf":[],"_links":{"self":[{"href":"https:\/\/blogvaleco.com\/projeteoliendeforbeauvoisin\/wp-json\/wp\/v2\/pages\/155","targetHints":{"allow":["GET"]}}],"collection":[{"href":"https:\/\/blogvaleco.com\/projeteoliendeforbeauvoisin\/wp-json\/wp\/v2\/pages"}],"about":[{"href":"https:\/\/blogvaleco.com\/projeteoliendeforbeauvoisin\/wp-json\/wp\/v2\/types\/page"}],"author":[{"embeddable":true,"href":"https:\/\/blogvaleco.com\/projeteoliendeforbeauvoisin\/wp-json\/wp\/v2\/users\/1"}],"replies":[{"embeddable":true,"href":"https:\/\/blogvaleco.com\/projeteoliendeforbeauvoisin\/wp-json\/wp\/v2\/comments?post=155"}],"version-history":[{"count":12,"href":"https:\/\/blogvaleco.com\/projeteoliendeforbeauvoisin\/wp-json\/wp\/v2\/pages\/155\/revisions"}],"predecessor-version":[{"id":1171,"href":"https:\/\/blogvaleco.com\/projeteoliendeforbeauvoisin\/wp-json\/wp\/v2\/pages\/155\/revisions\/1171"}],"up":[{"embeddable":true,"href":"https:\/\/blogvaleco.com\/projeteoliendeforbeauvoisin\/wp-json\/wp\/v2\/pages\/15"}],"wp:featuredmedia":[{"embeddable":true,"href":"https:\/\/blogvaleco.com\/projeteoliendeforbeauvoisin\/wp-json\/wp\/v2\/media\/562"}],"wp:attachment":[{"href":"https:\/\/blogvaleco.com\/projeteoliendeforbeauvoisin\/wp-json\/wp\/v2\/media?parent=155"}],"curies":[{"name":"wp","href":"https:\/\/api.w.org\/{rel}","templated":true}]}}