{"id":153,"date":"2024-03-07T18:00:29","date_gmt":"2024-03-07T17:00:29","guid":{"rendered":"https:\/\/blogs.groupevaleco.com\/site-modele\/?page_id=153"},"modified":"2025-12-01T10:28:54","modified_gmt":"2025-12-01T09:28:54","slug":"les-etapes","status":"publish","type":"page","link":"https:\/\/blogvaleco.com\/projeteoliendeforbeauvoisin\/projet\/les-etapes\/","title":{"rendered":"Les \u00e9tapes"},"content":{"rendered":"\n<div style=\"height:20px\" aria-hidden=\"true\" class=\"wp-block-spacer\"><\/div>\n\n\n\n<p class=\"has-text-align-left\">Un projet \u00e9olien est un projet au long cours.<\/p>\n\n\n\n<p class=\"has-text-align-left\">Apr\u00e8s avoir rep\u00e9r\u00e9 un <strong>site propice <\/strong>\u00e0 l&rsquo;implantation d&rsquo;\u00e9oliennes, initi\u00e9 les <strong>premiers contacts<\/strong> avec les \u00e9lus locaux et estim\u00e9 la faisabilit\u00e9 d&rsquo;un projet, des <strong>\u00e9tudes <\/strong>sont lanc\u00e9es pour une dur\u00e9e d&rsquo;au moins un an. Celles-ci sont r\u00e9alis\u00e9es par des&nbsp;bureaux d\u2019\u00e9tudes ou organismes ind\u00e9pendants sur plusieurs volets : le milieu naturel, le milieu humain, le milieu physique, le paysage, le patrimoine et l\u2019acoustique. <strong>Ces \u00e9tudes sont r\u00e9glementaires et permettent de concevoir un projet de moindre impact sur l\u2019environnement.<\/strong><\/p>\n\n\n\n<p>Les conclusions des inventaires et des \u00e9tudes initiales identifient les sensibilit\u00e9s du projet : l\u2019obtention de ces r\u00e9sultats permet de d\u00e9finir les contours techniques et les plans du projet. Les experts s&rsquo;attachent ensuite \u00e0 \u00e9valuer les impacts du projet retenu afin de <strong>les \u00c9viter, les R\u00e9duire ou les Compenser,<\/strong> selon la logique ERC d\u00e9finie au sein du Code de l\u2019Environnement. Un dossier est alors mont\u00e9 et permet de d\u00e9poser une <strong>demande d&rsquo;Autorisation Environnementale <\/strong>en pr\u00e9fecture.<\/p>\n\n\n\n<p class=\"has-text-align-left\">S&rsquo;en suit une p\u00e9riode d&rsquo;<strong>instruction par les services de l&rsquo;Etat<\/strong> dont la dur\u00e9e varie selon les d\u00e9partements et les projets. Elle d\u00e9bute par une phase d&rsquo;allers-retours entre les services et le porteur du projet aboutissant ou non \u00e0 la recevabilit\u00e9 du projet. Si le projet est jug\u00e9 recevable, il fait alors l&rsquo;objet d&rsquo;une <strong>enqu\u00eate publique<\/strong>, d&rsquo;un passage en <strong>CDNPS<\/strong> (Commission D\u00e9partementale de la Nature, des Paysages et des Sites) puis d&rsquo;une <strong>autorisation ou d&rsquo;un refus du Pr\u00e9fet<\/strong>.<\/p>\n\n\n\n<h2 class=\"wp-block-heading\"><mark style=\"background-color:#ffffff\" class=\"has-inline-color has-secondary-color\">Historique du projet<\/mark><\/h2>\n\n\n\n    <div  class=\"bf-timeline-vertical\">\n        <div class=\"process-line beflex-animation\" data-animation=\"beflexProcessLine\"><\/div>\n        <div class=\"process-line-active beflex-animation\" data-animation=\"beflexProcessLine\"><\/div>\n\n        <div class=\"process-box-container\">\n                            <div class=\"process-box beflex-animation\" data-animation=\"beflexProcess\">\n                    <div class=\"process-box-container\">\n                        \n                        <div class=\"container-title\">Fin 2020 &#8211; D\u00e9but 2021<\/div>\n                                                    <div class=\"container-content\"><p>Premiers contacts entre les \u00e9quipes de Valeco et les \u00e9lus de Boncourt-sur-Meuse, de Girauvoisin et de Fr\u00e9mer\u00e9ville-sous-les-C\u00f4tes. Id\u00e9e d&rsquo;un projet commun aux 3 communes et choix de continuer avec Valeco.<\/p>\n<\/div>\n                        \n                                            <\/div>\n\n                    <div class=\"process-box-order box-1\">\n                        <div class=\"box-number\">01<\/div>\n                        <div class=\"box-dot\"><\/div><div class=\"box-dot-line\"><\/div><div class=\"box-line\"><\/div>\n                    <\/div>\n                <\/div>\n                            <div class=\"process-box beflex-animation\" data-animation=\"beflexProcessRevert\">\n                    <div class=\"process-box-container\">\n                        \n                        <div class=\"container-title\">Juin 2021<\/div>\n                                                    <div class=\"container-content\"><p>D\u00e9lib\u00e9ration favorable des 3 conseils municipaux pour l&rsquo;\u00e9tude d&rsquo;un projet \u00e9olien en for\u00eat communale et signature de promesses de baux emphyt\u00e9otiques (PBE) avec Valeco.<\/p>\n<\/div>\n                        \n                                            <\/div>\n\n                    <div class=\"process-box-order box-2\">\n                        <div class=\"box-number\">02<\/div>\n                        <div class=\"box-dot\"><\/div><div class=\"box-dot-line\"><\/div><div class=\"box-line\"><\/div>\n                    <\/div>\n                <\/div>\n                            <div class=\"process-box beflex-animation\" data-animation=\"beflexProcess\">\n                    <div class=\"process-box-container\">\n                        \n                        <div class=\"container-title\">D\u00e9cembre 2021<\/div>\n                                                    <div class=\"container-content\"><p>Installation d&rsquo;un lidar sur le site afin d&rsquo;\u00e9tudier la ressource en vent (vitesse et direction).<\/p>\n<\/div>\n                        \n                                            <\/div>\n\n                    <div class=\"process-box-order box-3\">\n                        <div class=\"box-number\">03<\/div>\n                        <div class=\"box-dot\"><\/div><div class=\"box-dot-line\"><\/div><div class=\"box-line\"><\/div>\n                    <\/div>\n                <\/div>\n                            <div class=\"process-box beflex-animation\" data-animation=\"beflexProcessRevert\">\n                    <div class=\"process-box-container\">\n                        \n                        <div class=\"container-title\">Printemps 2022<\/div>\n                                                    <div class=\"container-content\"><p>Lancement des \u00e9tudes \u00e9cologiques<strong>.<\/strong> Plusieurs sorties naturalistes, \u00e9chelonn\u00e9es sur une ann\u00e9e compl\u00e8te au minimum (cycle biologique des esp\u00e8ces), seront r\u00e9alis\u00e9es sur le site.<\/p>\n<\/div>\n                        \n                                            <\/div>\n\n                    <div class=\"process-box-order box-4\">\n                        <div class=\"box-number\">04<\/div>\n                        <div class=\"box-dot\"><\/div><div class=\"box-dot-line\"><\/div><div class=\"box-line\"><\/div>\n                    <\/div>\n                <\/div>\n                            <div class=\"process-box beflex-animation\" data-animation=\"beflexProcess\">\n                    <div class=\"process-box-container\">\n                        \n                        <div class=\"container-title\">Printemps 2023<\/div>\n                                                    <div class=\"container-content\"><p>Lancement de l&rsquo;\u00e9tude paysag\u00e8re : \u00e9tude des enjeux, choix des points de vue pour les futurs photomontages et campagne de photographies.<\/p>\n<p>Campagne de mesure acoustique.<\/p>\n<\/div>\n                        \n                                            <\/div>\n\n                    <div class=\"process-box-order box-5\">\n                        <div class=\"box-number\">05<\/div>\n                        <div class=\"box-dot\"><\/div><div class=\"box-dot-line\"><\/div><div class=\"box-line\"><\/div>\n                    <\/div>\n                <\/div>\n                            <div class=\"process-box beflex-animation\" data-animation=\"beflexProcessRevert\">\n                    <div class=\"process-box-container\">\n                        \n                        <div class=\"container-title\">Fin 2023 &#8211; D\u00e9but 2024<\/div>\n                                                    <div class=\"container-content\"><p>R\u00e9flexion sur l&rsquo;implantation : d\u00e9finition de variantes pour l&#8217;emplacement des \u00e9oliennes et choix d&rsquo;une variante pr\u00e9f\u00e9rentielle, de moindre impact, et d&rsquo;un gabarit pour les \u00e9oliennes (hauteur de mat, diam\u00e8tre de rotor).<\/p>\n<\/div>\n                        \n                                            <\/div>\n\n                    <div class=\"process-box-order box-6\">\n                        <div class=\"box-number\">06<\/div>\n                        <div class=\"box-dot\"><\/div><div class=\"box-dot-line\"><\/div><div class=\"box-line\"><\/div>\n                    <\/div>\n                <\/div>\n                            <div class=\"process-box beflex-animation\" data-animation=\"beflexProcess\">\n                    <div class=\"process-box-container\">\n                        \n                        <div class=\"container-title\">Mi-2024 \u00e0 d\u00e9but 2026<\/div>\n                                                    <div class=\"container-content\"><p>Analyse des impacts du projet par les bureaux d&rsquo;\u00e9tude et r\u00e9flexions sur le mesure.<\/p>\n<p>Pr\u00e9paration du dossier de demande d&rsquo;Autorisation Environnementale du projet pour d\u00e9p\u00f4t en pr\u00e9fecture.<\/p>\n<\/div>\n                        \n                                            <\/div>\n\n                    <div class=\"process-box-order box-7\">\n                        <div class=\"box-number\">07<\/div>\n                        <div class=\"box-dot\"><\/div><div class=\"box-dot-line\"><\/div><div class=\"box-line\"><\/div>\n                    <\/div>\n                <\/div>\n                            <div class=\"process-box beflex-animation\" data-animation=\"beflexProcessRevert\">\n                    <div class=\"process-box-container\">\n                        \n                        <div class=\"container-title\">2026 &#8211; 2027<\/div>\n                                                    <div class=\"container-content\"><p>Instruction de la demande d\u2019Autorisation Environnementale du projet par les services de l\u2019Etat.<\/p>\n<p>Organisation notamment d\u2019une Enqu\u00eate Publique.<\/p>\n<\/div>\n                        \n                                            <\/div>\n\n                    <div class=\"process-box-order box-8\">\n                        <div class=\"box-number\">08<\/div>\n                        <div class=\"box-dot\"><\/div><div class=\"box-dot-line\"><\/div><div class=\"box-line\"><\/div>\n                    <\/div>\n                <\/div>\n                            <div class=\"process-box beflex-animation\" data-animation=\"beflexProcess\">\n                    <div class=\"process-box-container\">\n                        \n                        <div class=\"container-title\">2028 &#8211; 2030<\/div>\n                                                    <div class=\"container-content\"><p>Si le projet est autoris\u00e9, diff\u00e9rentes \u00e9tudes seront men\u00e9es afin de pr\u00e9parer le chantier puis celui-ci durera environ 1 an.<\/p>\n<p>Selon ce calendrier, le parc \u00e9olien pourrait \u00eatre mis en service en 2030.<\/p>\n<\/div>\n                        \n                                            <\/div>\n\n                    <div class=\"process-box-order box-9\">\n                        <div class=\"box-number\">09<\/div>\n                        <div class=\"box-dot\"><\/div><div class=\"box-dot-line\"><\/div><div class=\"box-line\"><\/div>\n                    <\/div>\n                <\/div>\n                    <\/div>\n    <\/div>\n","protected":false},"excerpt":{"rendered":"<p>Un projet \u00e9olien est un projet au long cours. Apr\u00e8s avoir rep\u00e9r\u00e9 un site propice \u00e0 l&rsquo;implantation d&rsquo;\u00e9oliennes, initi\u00e9 les premiers contacts avec les \u00e9lus locaux et estim\u00e9 la faisabilit\u00e9 d&rsquo;un projet, des \u00e9tudes sont lanc\u00e9es pour une dur\u00e9e d&rsquo;au moins un an. Celles-ci sont r\u00e9alis\u00e9es par des&nbsp;bureaux d\u2019\u00e9tudes ou organismes ind\u00e9pendants sur plusieurs volets [&hellip;]<\/p>\n","protected":false},"author":1,"featured_media":554,"parent":15,"menu_order":0,"comment_status":"closed","ping_status":"closed","template":"","meta":{"_acf_changed":false,"inline_featured_image":false,"footnotes":""},"class_list":["post-153","page","type-page","status-publish","has-post-thumbnail","hentry"],"acf":[],"_links":{"self":[{"href":"https:\/\/blogvaleco.com\/projeteoliendeforbeauvoisin\/wp-json\/wp\/v2\/pages\/153","targetHints":{"allow":["GET"]}}],"collection":[{"href":"https:\/\/blogvaleco.com\/projeteoliendeforbeauvoisin\/wp-json\/wp\/v2\/pages"}],"about":[{"href":"https:\/\/blogvaleco.com\/projeteoliendeforbeauvoisin\/wp-json\/wp\/v2\/types\/page"}],"author":[{"embeddable":true,"href":"https:\/\/blogvaleco.com\/projeteoliendeforbeauvoisin\/wp-json\/wp\/v2\/users\/1"}],"replies":[{"embeddable":true,"href":"https:\/\/blogvaleco.com\/projeteoliendeforbeauvoisin\/wp-json\/wp\/v2\/comments?post=153"}],"version-history":[{"count":22,"href":"https:\/\/blogvaleco.com\/projeteoliendeforbeauvoisin\/wp-json\/wp\/v2\/pages\/153\/revisions"}],"predecessor-version":[{"id":1405,"href":"https:\/\/blogvaleco.com\/projeteoliendeforbeauvoisin\/wp-json\/wp\/v2\/pages\/153\/revisions\/1405"}],"up":[{"embeddable":true,"href":"https:\/\/blogvaleco.com\/projeteoliendeforbeauvoisin\/wp-json\/wp\/v2\/pages\/15"}],"wp:featuredmedia":[{"embeddable":true,"href":"https:\/\/blogvaleco.com\/projeteoliendeforbeauvoisin\/wp-json\/wp\/v2\/media\/554"}],"wp:attachment":[{"href":"https:\/\/blogvaleco.com\/projeteoliendeforbeauvoisin\/wp-json\/wp\/v2\/media?parent=153"}],"curies":[{"name":"wp","href":"https:\/\/api.w.org\/{rel}","templated":true}]}}