{"id":19,"date":"2024-03-06T10:46:40","date_gmt":"2024-03-06T09:46:40","guid":{"rendered":"https:\/\/blogs.groupevaleco.com\/site-modele\/?page_id=19"},"modified":"2024-09-02T12:47:05","modified_gmt":"2024-09-02T10:47:05","slug":"energie-photovoltaique","status":"publish","type":"page","link":"https:\/\/blogvaleco.com\/projetagrivoltaiqueherbrasol\/energie-photovoltaique\/","title":{"rendered":"\u00c9nergie Photovolta\u00efque"},"content":{"rendered":"\n<div style=\"height:18px\" aria-hidden=\"true\" class=\"wp-block-spacer\"><\/div>\n\n\n\n<figure class=\"wp-block-pullquote has-secondary-color has-text-color has-link-color has-normal-font-size wp-elements-927307fcc71de027a6e57b35622d9613\" style=\"padding-top:var(--wp--preset--spacing--20);padding-bottom:var(--wp--preset--spacing--20)\"><blockquote><p>La production solaire s\u2019est \u00e9tablie en<strong> 2023 \u00e0\u00a021,6\u00a0TWh<\/strong>, en augmentation de\u00a017\u00a0% (+\u00a03,1\u00a0TWh) par rapport \u00e0 2022. Cela repr\u00e9sente environ 5% de la production d&rsquo;\u00e9lectricit\u00e9 et couvre <strong>5% des consommations<\/strong>.<br>Le parc solaire a atteint une puissance install\u00e9e de\u00a019,0\u00a0GW \u00e0 fin 2023. Cette croissance significative permet de se rapprocher de l\u2019objectif de 20,1 GW fix\u00e9 par la Programmation pluriannuelle de l&rsquo;\u00e9nergie (PPE) 2019-2028 \u00e0 fin 2023.<br><\/p><cite><a href=\"https:\/\/analysesetdonnees.rte-france.com\/bilan-electrique-2023\/production#Solaire\" target=\"_blank\" rel=\"noreferrer noopener\"><em>Voir le bilan \u00e9lectrique RTE 2023<\/em><\/a><\/cite><\/blockquote><\/figure>\n\n\n\n<h2 class=\"wp-block-heading\">Pourquoi le d\u00e9veloppement des \u00e9nergies renouvelables et du photovolta\u00efque ?<\/h2>\n\n\n\n<div class=\"wp-block-media-text is-stacked-on-mobile\" style=\"grid-template-columns:28% auto\"><figure class=\"wp-block-media-text__media\"><img loading=\"lazy\" decoding=\"async\" width=\"662\" height=\"741\" src=\"https:\/\/blogvaleco.com\/projetagrivoltaiqueherbrasol\/wp-content\/uploads\/sites\/27\/2024\/03\/repartition-emissions-energie.png\" alt=\"\" class=\"wp-image-313 size-full\" srcset=\"https:\/\/blogvaleco.com\/projetagrivoltaiqueherbrasol\/wp-content\/uploads\/sites\/27\/2024\/03\/repartition-emissions-energie.png 662w, https:\/\/blogvaleco.com\/projetagrivoltaiqueherbrasol\/wp-content\/uploads\/sites\/27\/2024\/03\/repartition-emissions-energie-268x300.png 268w\" sizes=\"auto, (max-width: 662px) 100vw, 662px\" \/><\/figure><div class=\"wp-block-media-text__content\">\n<p>Les enjeux climatiques nous imposent un changement tant dans nos modes de consommation que dans nos modes de production de l\u2019\u00e9lectricit\u00e9. La production d\u2019\u00e9lectricit\u00e9 a une responsabilit\u00e9 pr\u00e9pond\u00e9rante dans le ph\u00e9nom\u00e8ne de r\u00e9chauffement climatique. En 2018, elle \u00e9tait le premier poste d&rsquo;\u00e9mission de CO<sub>2<\/sub>\u00a0dans le monde avec 41 % du total des \u00e9missions de gaz \u00e0 effets de serre dues \u00e0 la combustion d\u2019\u00e9nergie.<\/p>\n\n\n\n<p>La politique de transition \u00e9nerg\u00e9tique a \u00e9merg\u00e9 comme une r\u00e9ponse \u00e0 cette probl\u00e9matique sur la base de trois leviers d\u2019action&nbsp;:&nbsp;<\/p>\n\n\n\n<ul class=\"wp-block-list\">\n<li>La diminution de la consommation d\u2019\u00e9nergie (<strong>sobri\u00e9t\u00e9<\/strong>) ;<\/li>\n\n\n\n<li>L\u2019am\u00e9lioration de l\u2019<strong>efficacit\u00e9 <\/strong>\u00e9nerg\u00e9tique ;<\/li>\n\n\n\n<li>L\u2019accroissement de la part des <strong>\u00e9nergies renouvelables <\/strong>dans le mix \u00e9nerg\u00e9tique.<\/li>\n<\/ul>\n<\/div><\/div>\n\n\n\n<p>Plusieurs enjeux ont vocation \u00e0 \u00eatre trait\u00e9s avec cette politique de transition \u00e9nerg\u00e9tique. D\u2019une part, elle doit permettre l\u2019atteinte des objectifs de r\u00e9duction des \u00e9missions de gaz \u00e0 effet de serre mais elle permet aussi la r\u00e9duction de la d\u00e9pendance \u00e9nerg\u00e9tique internationale, la relocalisation et d\u00e9centralisation de nos centrales de production d\u2019\u00e9nergie, la s\u00e9curisation des syst\u00e8mes \u00e9nerg\u00e9tiques, etc.<\/p>\n\n\n\n<p><strong>La transition \u00e9nerg\u00e9tique est un objectif national, europ\u00e9en et international<\/strong>. Diff\u00e9rents textes de loi ont \u00e9t\u00e9 pris pour transformer le syst\u00e8me \u00e9nerg\u00e9tique fran\u00e7ais aux enjeux climatiques modernes. La Loi relative \u00e0 la transition \u00e9nerg\u00e9tique pour la croissance verte (LTECV), adopt\u00e9e en ao\u00fbt 2015, consacre et d\u00e9finit le concept de transition \u00e9nerg\u00e9tique :&nbsp;<em><strong>\u00ab&nbsp;<\/strong><strong><em>L<\/em>a transition \u00e9nerg\u00e9tique est un mode de d\u00e9veloppement \u00e9conomique respectueux de l\u2019environnement, \u00e0 la fois sobre et efficace en \u00e9nergie et en consommation de ressources et de carbone, socialement inclusif, soutenant le potentiel d\u2019innovation et garant de la comp\u00e9titivit\u00e9 des entreprises<\/strong><strong>&nbsp;\u00bb<\/strong><\/em>.<\/p>\n\n\n\n<p><\/p>\n\n\n\n<h2 class=\"wp-block-heading\">Le fonctionnement d&rsquo;un panneau solaire<\/h2>\n\n\n\n<div class=\"wp-block-media-text is-stacked-on-mobile\"><figure class=\"wp-block-media-text__media\"><img loading=\"lazy\" decoding=\"async\" width=\"945\" height=\"406\" src=\"https:\/\/blogvaleco.com\/projetagrivoltaiqueherbrasol\/wp-content\/uploads\/sites\/27\/2024\/09\/telechargement-1.png\" alt=\"\" class=\"wp-image-944 size-full\" srcset=\"https:\/\/blogvaleco.com\/projetagrivoltaiqueherbrasol\/wp-content\/uploads\/sites\/27\/2024\/09\/telechargement-1.png 945w, https:\/\/blogvaleco.com\/projetagrivoltaiqueherbrasol\/wp-content\/uploads\/sites\/27\/2024\/09\/telechargement-1-300x129.png 300w, https:\/\/blogvaleco.com\/projetagrivoltaiqueherbrasol\/wp-content\/uploads\/sites\/27\/2024\/09\/telechargement-1-768x330.png 768w\" sizes=\"auto, (max-width: 945px) 100vw, 945px\" \/><\/figure><div class=\"wp-block-media-text__content\">\n<p>Actuellement, la technologie la plus r\u00e9pandue correspond aux panneaux photovolta\u00efques compos\u00e9s de cellules de silicium. Sous l\u2019effet du rayonnement solaire, le silicium, qui est un mat\u00e9riau conducteur, lib\u00e8re des \u00e9lectrons qui se d\u00e9placent sous l\u2019influence d\u2019un potentiel pour cr\u00e9er un courant \u00e9lectrique continu. Les onduleurs transforment ce courant continu en courant alternatif pour l\u2019injecter dans le r\u00e9seau de distribution d\u2019\u00e9lectricit\u00e9 public.\u00a0<\/p>\n\n\n\n<p>Aujourd\u2019hui, les panneaux solaires ont une dur\u00e9e de vie de 30 \u00e0 40 ans. L\u2019\u00e9co-organisme <a href=\"https:\/\/www.soren.eco\/\">Soren<\/a> est agr\u00e9\u00e9 par les pouvoirs publics pour le recyclage des modules photovolta\u00efques, avec une premi\u00e8re usine de traitement d\u00e9j\u00e0 en exploitation \u00e0 Rousset (13), exploit\u00e9e par VEOLIA.<\/p>\n<\/div><\/div>\n\n\n\n<h2 class=\"wp-block-heading\">Le mix \u00e9nerg\u00e9tique fran\u00e7ais<\/h2>\n\n\n\n<p>Contrairement \u00e0 une id\u00e9e largement r\u00e9pondue, le <strong>mix \u00e9nerg\u00e9tique<\/strong> fran\u00e7ais n&rsquo;est pas faiblement carbon\u00e9. En effet, seule la part \u00e9lectrique du mix \u00e9nerg\u00e9tique l&rsquo;est, gr\u00e2ce aux \u00e9nergies renouvelables (hydraulique, \u00e9olien, solaire, m\u00e9thanisation, &#8230;) et au nucl\u00e9aire. Or, l&rsquo;\u00e9lectricit\u00e9 ne repr\u00e9sente qu&rsquo;1\/3 du mix \u00e9nerg\u00e9tique global, qui contient quand \u00e0 lui du p\u00e9trole et du gaz essentiellement pour le transport et l&rsquo;industrie.<\/p>\n\n\n\n<p>L&rsquo;objectif afin d&rsquo;arriver \u00e0 la neutralit\u00e9 carbone en 2050 est donc d&rsquo;agir sur 2 leviers : la <strong>consommation<\/strong> ET la <strong>production<\/strong>.<\/p>\n\n\n\n<figure class=\"wp-block-image size-large\"><img loading=\"lazy\" decoding=\"async\" width=\"1024\" height=\"514\" src=\"https:\/\/blogvaleco.com\/projetagrivoltaiqueherbrasol\/wp-content\/uploads\/sites\/27\/2024\/07\/240724_SNBC_projection_RTE-1024x514.png\" alt=\"Extrait du rapport Futurs Energ\u00e9tiques 20250 de RTE, page 50\/992.\" class=\"wp-image-515\" srcset=\"https:\/\/blogvaleco.com\/projetagrivoltaiqueherbrasol\/wp-content\/uploads\/sites\/27\/2024\/07\/240724_SNBC_projection_RTE-1024x514.png 1024w, https:\/\/blogvaleco.com\/projetagrivoltaiqueherbrasol\/wp-content\/uploads\/sites\/27\/2024\/07\/240724_SNBC_projection_RTE-300x151.png 300w, https:\/\/blogvaleco.com\/projetagrivoltaiqueherbrasol\/wp-content\/uploads\/sites\/27\/2024\/07\/240724_SNBC_projection_RTE-768x386.png 768w, https:\/\/blogvaleco.com\/projetagrivoltaiqueherbrasol\/wp-content\/uploads\/sites\/27\/2024\/07\/240724_SNBC_projection_RTE.png 1368w\" sizes=\"auto, (max-width: 1024px) 100vw, 1024px\" \/><figcaption class=\"wp-element-caption\">\u00c9volution de la consommation totale d\u2019\u00e9lectricit\u00e9 et de la consommation d\u2019\u00e9nergie finale pour les autres \u00e9nergies en France (<a href=\"https:\/\/www.rte-france.com\/analyses-tendances-et-prospectives\/bilan-previsionnel-2050-futurs-energetiques\">Futurs Energ\u00e9tiques 2050<\/a>, p. 50\/992)<\/figcaption><\/figure>\n\n\n\n<p>Ci-dessus un graphique illustrant le <strong>mix \u00e9nerg\u00e9tique fran\u00e7ais<\/strong> et sa projection jusqu&rsquo;\u00e0 un horizon 2050. Il montre qu&rsquo;en vue d&rsquo;arriver \u00e0 la neutralit\u00e9 carbone en 2050, une rupture est n\u00e9cessaire au niveau de la consommation avec plus d&rsquo;efficacit\u00e9, de sobri\u00e9t\u00e9 \u00e9nerg\u00e9tique. Cependant, la sobri\u00e9t\u00e9 ne suffira pas pour que la transition soit socialement acceptable, ainsi, il faudra \u00e9galement produire d&rsquo;avantage d&rsquo;\u00e9lectricit\u00e9 d\u00e9carbon\u00e9e de mani\u00e8re \u00e0 pouvoir assurer une consommation minimale d&rsquo;\u00e9nergie. C&rsquo;est la <strong>transition \u00e9nerg\u00e9tique<\/strong>.<\/p>\n\n\n\n<figure class=\"wp-block-image size-large\"><img loading=\"lazy\" decoding=\"async\" width=\"1024\" height=\"473\" src=\"https:\/\/blogvaleco.com\/projetagrivoltaiqueherbrasol\/wp-content\/uploads\/sites\/27\/2024\/07\/image-1024x473.png\" alt=\"\" class=\"wp-image-516\" srcset=\"https:\/\/blogvaleco.com\/projetagrivoltaiqueherbrasol\/wp-content\/uploads\/sites\/27\/2024\/07\/image-1024x473.png 1024w, https:\/\/blogvaleco.com\/projetagrivoltaiqueherbrasol\/wp-content\/uploads\/sites\/27\/2024\/07\/image-300x139.png 300w, https:\/\/blogvaleco.com\/projetagrivoltaiqueherbrasol\/wp-content\/uploads\/sites\/27\/2024\/07\/image-768x355.png 768w, https:\/\/blogvaleco.com\/projetagrivoltaiqueherbrasol\/wp-content\/uploads\/sites\/27\/2024\/07\/image.png 1126w\" sizes=\"auto, (max-width: 1024px) 100vw, 1024px\" \/><figcaption class=\"wp-element-caption\">Consommation d\u2019\u00e9nergie finale en France et dans la SNBC (<a href=\"https:\/\/www.rte-france.com\/analyses-tendances-et-prospectives\/bilan-previsionnel-2050-futurs-energetiques\">Futurs Energ\u00e9tiques 2050<\/a>, page 47\/992)<\/figcaption><\/figure>\n\n\n\n<p>Ci-dessus la comparaison du mix \u00e9lectrique en 2020 et celui projet\u00e9, en 2050. La consommation totale d&rsquo;\u00e9nergie diminue de 40% en passant de 1600TWh \u00e0 930TWh gr\u00e2ce \u00e0 l&rsquo;arr\u00eat de consommation des \u00e9nergies fossiles, dans le m\u00eame temps la consommation d&rsquo;\u00e9lectricit\u00e9 (bas carbone) augmentera pour passer d&rsquo;environ 450 \u00e0 500TWh\/an aujourd&rsquo;hui \u00e0 650TWh\/an en 2050.<\/p>\n\n\n\n<p><strong>Pour assurer cette augmentation de la demande \u00e9lectrique et donc l&rsquo;atteinte de la neutralit\u00e9 carbone, un d\u00e9veloppement important des \u00e9nergies renouvelables, coupl\u00e9 \u00e0 des efforts de sobri\u00e9t\u00e9 vont \u00eatre indispensables d&rsquo;ici 2050. Il est mat\u00e9riellement impossible de faire autrement.<\/strong><\/p>\n\n\n\n<p><\/p>\n","protected":false},"excerpt":{"rendered":"<p>La production solaire s\u2019est \u00e9tablie en 2023 \u00e0\u00a021,6\u00a0TWh, en augmentation de\u00a017\u00a0% (+\u00a03,1\u00a0TWh) par rapport \u00e0 2022. Cela repr\u00e9sente environ 5% de la production d&rsquo;\u00e9lectricit\u00e9 et couvre 5% des consommations.Le parc solaire a atteint une puissance install\u00e9e de\u00a019,0\u00a0GW \u00e0 fin 2023. Cette croissance significative permet de se rapprocher de l\u2019objectif de 20,1 GW fix\u00e9 par la [&hellip;]<\/p>\n","protected":false},"author":1,"featured_media":799,"parent":0,"menu_order":0,"comment_status":"closed","ping_status":"closed","template":"","meta":{"_acf_changed":false,"inline_featured_image":false,"footnotes":""},"class_list":["post-19","page","type-page","status-publish","has-post-thumbnail","hentry"],"acf":[],"_links":{"self":[{"href":"https:\/\/blogvaleco.com\/projetagrivoltaiqueherbrasol\/wp-json\/wp\/v2\/pages\/19","targetHints":{"allow":["GET"]}}],"collection":[{"href":"https:\/\/blogvaleco.com\/projetagrivoltaiqueherbrasol\/wp-json\/wp\/v2\/pages"}],"about":[{"href":"https:\/\/blogvaleco.com\/projetagrivoltaiqueherbrasol\/wp-json\/wp\/v2\/types\/page"}],"author":[{"embeddable":true,"href":"https:\/\/blogvaleco.com\/projetagrivoltaiqueherbrasol\/wp-json\/wp\/v2\/users\/1"}],"replies":[{"embeddable":true,"href":"https:\/\/blogvaleco.com\/projetagrivoltaiqueherbrasol\/wp-json\/wp\/v2\/comments?post=19"}],"version-history":[{"count":21,"href":"https:\/\/blogvaleco.com\/projetagrivoltaiqueherbrasol\/wp-json\/wp\/v2\/pages\/19\/revisions"}],"predecessor-version":[{"id":950,"href":"https:\/\/blogvaleco.com\/projetagrivoltaiqueherbrasol\/wp-json\/wp\/v2\/pages\/19\/revisions\/950"}],"wp:featuredmedia":[{"embeddable":true,"href":"https:\/\/blogvaleco.com\/projetagrivoltaiqueherbrasol\/wp-json\/wp\/v2\/media\/799"}],"wp:attachment":[{"href":"https:\/\/blogvaleco.com\/projetagrivoltaiqueherbrasol\/wp-json\/wp\/v2\/media?parent=19"}],"curies":[{"name":"wp","href":"https:\/\/api.w.org\/{rel}","templated":true}]}}