{"id":155,"date":"2024-03-07T18:00:37","date_gmt":"2024-03-07T17:00:37","guid":{"rendered":"https:\/\/blogs.groupevaleco.com\/site-modele\/?page_id=155"},"modified":"2025-09-30T10:41:07","modified_gmt":"2025-09-30T08:41:07","slug":"les-etudes","status":"publish","type":"page","link":"https:\/\/blogvaleco.com\/projetagrivoltaiqueherbrasol\/projet\/les-etudes\/","title":{"rendered":"Les \u00e9tudes"},"content":{"rendered":"\n<p><\/p>\n\n\n\n<p>Valeco fait appel \u00e0 des bureaux d&rsquo;\u00e9tudes ind\u00e9pendants, sp\u00e9cialis\u00e9s sur chacune des th\u00e9matiques \u00e9tudi\u00e9es. Les expertises se d\u00e9composent en des \u00ab\u00a0<strong>\u00e9tats initiaux<\/strong>\u00a0\u00bb de la zone, vierge de tout projet. Elles permettent \u00e0 Valeco de conna\u00eetre les zones les plus sensibles, afin de pouvoir <strong>concevoir <\/strong>le projet dans une logique de moindre impact, en appliquant la s\u00e9quence ERC :\u00a0<strong>E<\/strong>viter,\u00a0<strong>R<\/strong>eduire,\u00a0<strong>C<\/strong>ompenser. Vient ensuite une partie \u00ab\u00a0<strong>impacts et mesures<\/strong>\u00ab\u00a0, qui pr\u00e9sente les dispositions qui ont \u00e9t\u00e9 prises pour que le projet soit le moins impactant possible.<\/p>\n\n\n\n<div class=\"wp-block-group alignfull is-layout-constrained wp-block-group-is-layout-constrained\" style=\"margin-top:0;padding-top:var(--wp--preset--spacing--60);padding-bottom:var(--wp--preset--spacing--60)\">\n<div class=\"wp-block-media-text is-stacked-on-mobile\" style=\"grid-template-columns:40% auto\"><figure class=\"wp-block-media-text__media\"><img loading=\"lazy\" decoding=\"async\" width=\"1024\" height=\"709\" src=\"https:\/\/blogvaleco.com\/projetagrivoltaiqueherbrasol\/wp-content\/uploads\/sites\/27\/2024\/07\/ilot-pv-1024x709.png\" alt=\"\" class=\"wp-image-844 size-full\" srcset=\"https:\/\/blogvaleco.com\/projetagrivoltaiqueherbrasol\/wp-content\/uploads\/sites\/27\/2024\/07\/ilot-pv-1024x709.png 1024w, https:\/\/blogvaleco.com\/projetagrivoltaiqueherbrasol\/wp-content\/uploads\/sites\/27\/2024\/07\/ilot-pv-300x208.png 300w, https:\/\/blogvaleco.com\/projetagrivoltaiqueherbrasol\/wp-content\/uploads\/sites\/27\/2024\/07\/ilot-pv-768x532.png 768w, https:\/\/blogvaleco.com\/projetagrivoltaiqueherbrasol\/wp-content\/uploads\/sites\/27\/2024\/07\/ilot-pv.png 1386w\" sizes=\"auto, (max-width: 1024px) 100vw, 1024px\" \/><\/figure><div class=\"wp-block-media-text__content\">\n<h2 class=\"wp-block-heading has-secondary-color has-text-color has-link-color wp-elements-56889d326faa44ecc6f76254ecefe6e7\">Accompagnement et \u00e9tude pr\u00e9alable agricole<\/h2>\n\n\n\n<p>Un <strong>accompagnement <\/strong>sp\u00e9cifique au projet est pr\u00e9vu pour permettre d&rsquo;int\u00e9grer diff\u00e9rentes pr\u00e9conisations, dans le but de limiter l&rsquo;impact sur le potentiel agronomique des sols, assurer la bonne pousse de l&rsquo;herbe sous les panneaux, contribuer au bien-\u00eatre du troupeau, assurer la possibilit\u00e9 de m\u00e9canisation de la parcelle et permettre un p\u00e2turage tournant dynamique avec des am\u00e9nagements d\u00e9di\u00e9s.\u00a0Son objectif est aussi d\u2019analyser l\u2019\u00e9tat initial de l\u2019\u00e9conomie agricole du territoire afin de r\u00e9pertorier les effets potentiels du projet sur cette derni\u00e8re.<\/p>\n\n\n\n<blockquote class=\"wp-block-quote is-layout-flow wp-block-quote-is-layout-flow\">\n<p>Ci-contre, un exemple d&rsquo;\u00eelot agrivolta\u00efque d\u00e9fini en concertation avec l&rsquo;agriculteur et le bureau d&rsquo;\u00e9tudes expert agricole.<\/p>\n<\/blockquote>\n<\/div><\/div>\n\n\n\n<div class=\"wp-block-media-text has-media-on-the-right is-stacked-on-mobile\"><div class=\"wp-block-media-text__content\">\n<h2 class=\"wp-block-heading\">L&rsquo;\u00e9tude de la biodiversit\u00e9<\/h2>\n\n\n\n<p>L&rsquo;\u00e9tude environnementale est la premi\u00e8re lanc\u00e9e lors du d\u00e9veloppement d&rsquo;un projet. Men\u00e9e par un bureau d&rsquo;\u00e9tude sp\u00e9cialis\u00e9, elle consiste \u00e0 r\u00e9aliser un inventaire complet de la faune, de la flore aux abords imm\u00e9diats du site mais aussi dans ses alentours.<\/p>\n\n\n\n<p>L&rsquo;inventaire dure 1 ann\u00e9e compl\u00e8te de mani\u00e8re \u00e0 couvrir l&rsquo;ensemble du cycle biologique des esp\u00e8ces.<\/p>\n\n\n\n<p>A l&rsquo;issue de ces inventaires, le porteur du projet va pouvoir dimensionner son parc en appliquant la d\u00e9marche <strong>E.R.C (Eviter, R\u00e9duire, Compenser)<\/strong>, avec l&rsquo;appui du bureau d&rsquo;\u00e9tude ayant r\u00e9alis\u00e9 les passages sur le terrain.<\/p>\n\n\n\n<blockquote class=\"wp-block-quote is-layout-flow wp-block-quote-is-layout-flow\">\n<p>Ci-contre, un busard cendr\u00e9 photographi\u00e9 dans l&rsquo;Aisne (\u00a9Brieuc Pillorget)<\/p>\n<\/blockquote>\n<\/div><figure class=\"wp-block-media-text__media\"><img loading=\"lazy\" decoding=\"async\" width=\"863\" height=\"597\" src=\"https:\/\/blogvaleco.com\/projetagrivoltaiqueherbrasol\/wp-content\/uploads\/sites\/27\/2024\/07\/Busard-cendre_Brieuc-Pillorget_photodoiso.png\" alt=\"\" class=\"wp-image-521 size-full\" srcset=\"https:\/\/blogvaleco.com\/projetagrivoltaiqueherbrasol\/wp-content\/uploads\/sites\/27\/2024\/07\/Busard-cendre_Brieuc-Pillorget_photodoiso.png 863w, https:\/\/blogvaleco.com\/projetagrivoltaiqueherbrasol\/wp-content\/uploads\/sites\/27\/2024\/07\/Busard-cendre_Brieuc-Pillorget_photodoiso-300x208.png 300w, https:\/\/blogvaleco.com\/projetagrivoltaiqueherbrasol\/wp-content\/uploads\/sites\/27\/2024\/07\/Busard-cendre_Brieuc-Pillorget_photodoiso-768x531.png 768w\" sizes=\"auto, (max-width: 863px) 100vw, 863px\" \/><\/figure><\/div>\n\n\n\n<div class=\"wp-block-media-text is-stacked-on-mobile\" style=\"grid-template-columns:35% auto\"><figure class=\"wp-block-media-text__media\"><img loading=\"lazy\" decoding=\"async\" width=\"1024\" height=\"683\" src=\"https:\/\/blogvaleco.com\/projetagrivoltaiqueherbrasol\/wp-content\/uploads\/sites\/27\/2024\/09\/DJI_0632-1024x683.jpg\" alt=\"\" class=\"wp-image-956 size-full\" srcset=\"https:\/\/blogvaleco.com\/projetagrivoltaiqueherbrasol\/wp-content\/uploads\/sites\/27\/2024\/09\/DJI_0632-1024x683.jpg 1024w, https:\/\/blogvaleco.com\/projetagrivoltaiqueherbrasol\/wp-content\/uploads\/sites\/27\/2024\/09\/DJI_0632-300x200.jpg 300w, https:\/\/blogvaleco.com\/projetagrivoltaiqueherbrasol\/wp-content\/uploads\/sites\/27\/2024\/09\/DJI_0632-768x512.jpg 768w, https:\/\/blogvaleco.com\/projetagrivoltaiqueherbrasol\/wp-content\/uploads\/sites\/27\/2024\/09\/DJI_0632-1536x1024.jpg 1536w, https:\/\/blogvaleco.com\/projetagrivoltaiqueherbrasol\/wp-content\/uploads\/sites\/27\/2024\/09\/DJI_0632-2048x1365.jpg 2048w\" sizes=\"auto, (max-width: 1024px) 100vw, 1024px\" \/><\/figure><div class=\"wp-block-media-text__content\">\n<h2 class=\"wp-block-heading has-secondary-color has-text-color has-link-color wp-elements-517ff009ff0793f3516076b1481cba17\">L&rsquo;\u00e9tude TOPOGRAPHIQUE<\/h2>\n\n\n\n<p>Un&nbsp;lev\u00e9 topographique&nbsp;de la zone permet d\u2019\u00e9valuer les pentes du site, et ainsi d&rsquo;adapter l\u2019implantation au relief.<\/p>\n\n\n\n<blockquote class=\"wp-block-quote is-layout-flow wp-block-quote-is-layout-flow\">\n<p>Ci-contre, une photo prise par la soci\u00e9t\u00e9 SIG DRONE dans le cadre d&rsquo;un relev\u00e9 topographique dans les Vosges (88).<\/p>\n<\/blockquote>\n<\/div><\/div>\n\n\n\n<div class=\"wp-block-media-text has-media-on-the-right is-stacked-on-mobile\" style=\"grid-template-columns:auto 44%\"><div class=\"wp-block-media-text__content\">\n<h2 class=\"wp-block-heading\">L&rsquo;\u00e9tude paysagere et patrimoniale<\/h2>\n\n\n\n<p>Ce volet consiste \u00e0 analyser le projet \u00e0 diff\u00e9rentes \u00e9chelles : rapproch\u00e9e, interm\u00e9diaire, \u00e9loign\u00e9e&#8230; Elle prend en compte les diff\u00e9rents enjeux (paysages embl\u00e9matiques, monuments historiques, etc.) afin d&rsquo;orienter le dimensionnement du projet de mani\u00e8re \u00e0 ce qu&rsquo;il s&rsquo;int\u00e8gre le mieux possible dans le paysage.<\/p>\n\n\n\n<p>Cela passe \u00e9galement par la r\u00e9alisation de <strong>photomontages<\/strong>, via des logiciels sp\u00e9cialis\u00e9s, dont le proc\u00e9d\u00e9 est norm\u00e9 de mani\u00e8re \u00e0 ce que le rendu soit le plus r\u00e9aliste possible.<\/p>\n\n\n\n<p>La pr\u00e9servation de la v\u00e9g\u00e9tation arbor\u00e9e d\u00e9j\u00e0 pr\u00e9sente, le retrait des installations par rapport aux habitations et des renforcements ponctuels de la v\u00e9g\u00e9tation sur les zones les plus expos\u00e9es permettront de limiter les vues sur la centrale.<\/p>\n\n\n\n<blockquote class=\"wp-block-quote is-layout-flow wp-block-quote-is-layout-flow\">\n<p>Ci-contre, une prise de vue pour r\u00e9aliser un photomontage au Ch\u00e2teau de La Rochefoucauld (16) <\/p>\n<\/blockquote>\n<\/div><figure class=\"wp-block-media-text__media\"><img loading=\"lazy\" decoding=\"async\" width=\"1024\" height=\"768\" src=\"https:\/\/blogvaleco.com\/projetagrivoltaiqueherbrasol\/wp-content\/uploads\/sites\/27\/2024\/09\/IMG_8637-scaled-1-1024x768.jpg\" alt=\"\" class=\"wp-image-942 size-full\" srcset=\"https:\/\/blogvaleco.com\/projetagrivoltaiqueherbrasol\/wp-content\/uploads\/sites\/27\/2024\/09\/IMG_8637-scaled-1-1024x768.jpg 1024w, https:\/\/blogvaleco.com\/projetagrivoltaiqueherbrasol\/wp-content\/uploads\/sites\/27\/2024\/09\/IMG_8637-scaled-1-300x225.jpg 300w, https:\/\/blogvaleco.com\/projetagrivoltaiqueherbrasol\/wp-content\/uploads\/sites\/27\/2024\/09\/IMG_8637-scaled-1-768x576.jpg 768w, https:\/\/blogvaleco.com\/projetagrivoltaiqueherbrasol\/wp-content\/uploads\/sites\/27\/2024\/09\/IMG_8637-scaled-1-1536x1152.jpg 1536w, https:\/\/blogvaleco.com\/projetagrivoltaiqueherbrasol\/wp-content\/uploads\/sites\/27\/2024\/09\/IMG_8637-scaled-1-2048x1536.jpg 2048w\" sizes=\"auto, (max-width: 1024px) 100vw, 1024px\" \/><\/figure><\/div>\n<\/div>\n\n\n\n<p><\/p>\n","protected":false},"excerpt":{"rendered":"<p>Valeco fait appel \u00e0 des bureaux d&rsquo;\u00e9tudes ind\u00e9pendants, sp\u00e9cialis\u00e9s sur chacune des th\u00e9matiques \u00e9tudi\u00e9es. Les expertises se d\u00e9composent en des \u00ab\u00a0\u00e9tats initiaux\u00a0\u00bb de la zone, vierge de tout projet. Elles permettent \u00e0 Valeco de conna\u00eetre les zones les plus sensibles, afin de pouvoir concevoir le projet dans une logique de moindre impact, en appliquant la [&hellip;]<\/p>\n","protected":false},"author":1,"featured_media":794,"parent":15,"menu_order":0,"comment_status":"closed","ping_status":"closed","template":"","meta":{"_acf_changed":false,"inline_featured_image":false,"footnotes":""},"class_list":["post-155","page","type-page","status-publish","has-post-thumbnail","hentry"],"acf":[],"_links":{"self":[{"href":"https:\/\/blogvaleco.com\/projetagrivoltaiqueherbrasol\/wp-json\/wp\/v2\/pages\/155","targetHints":{"allow":["GET"]}}],"collection":[{"href":"https:\/\/blogvaleco.com\/projetagrivoltaiqueherbrasol\/wp-json\/wp\/v2\/pages"}],"about":[{"href":"https:\/\/blogvaleco.com\/projetagrivoltaiqueherbrasol\/wp-json\/wp\/v2\/types\/page"}],"author":[{"embeddable":true,"href":"https:\/\/blogvaleco.com\/projetagrivoltaiqueherbrasol\/wp-json\/wp\/v2\/users\/1"}],"replies":[{"embeddable":true,"href":"https:\/\/blogvaleco.com\/projetagrivoltaiqueherbrasol\/wp-json\/wp\/v2\/comments?post=155"}],"version-history":[{"count":21,"href":"https:\/\/blogvaleco.com\/projetagrivoltaiqueherbrasol\/wp-json\/wp\/v2\/pages\/155\/revisions"}],"predecessor-version":[{"id":1154,"href":"https:\/\/blogvaleco.com\/projetagrivoltaiqueherbrasol\/wp-json\/wp\/v2\/pages\/155\/revisions\/1154"}],"up":[{"embeddable":true,"href":"https:\/\/blogvaleco.com\/projetagrivoltaiqueherbrasol\/wp-json\/wp\/v2\/pages\/15"}],"wp:featuredmedia":[{"embeddable":true,"href":"https:\/\/blogvaleco.com\/projetagrivoltaiqueherbrasol\/wp-json\/wp\/v2\/media\/794"}],"wp:attachment":[{"href":"https:\/\/blogvaleco.com\/projetagrivoltaiqueherbrasol\/wp-json\/wp\/v2\/media?parent=155"}],"curies":[{"name":"wp","href":"https:\/\/api.w.org\/{rel}","templated":true}]}}