{"id":153,"date":"2024-03-07T18:00:29","date_gmt":"2024-03-07T17:00:29","guid":{"rendered":"https:\/\/blogs.groupevaleco.com\/site-modele\/?page_id=153"},"modified":"2025-09-30T11:01:21","modified_gmt":"2025-09-30T09:01:21","slug":"les-etapes","status":"publish","type":"page","link":"https:\/\/blogvaleco.com\/projetagrivoltaiqueherbrasol\/projet\/les-etapes\/","title":{"rendered":"Les \u00e9tapes"},"content":{"rendered":"\n<div style=\"height:20px\" aria-hidden=\"true\" class=\"wp-block-spacer\"><\/div>\n\n\n\n<p class=\"has-text-align-left\">Un projet agrivolta\u00efque est un projet au long cours.<\/p>\n\n\n\n<p>Apr\u00e8s avoir rep\u00e9r\u00e9 un<strong> site propice<\/strong> \u00e0 l&rsquo;implantation d&rsquo;un parc, initi\u00e9 les <strong>premiers contacts<\/strong> avec les \u00e9lus locaux, les exploitants agricoles et les propri\u00e9taires des terrains, des<strong> \u00e9tudes <\/strong>sont lanc\u00e9es pour une dur\u00e9e d&rsquo;au moins un an. Celles-ci sont r\u00e9alis\u00e9es par des&nbsp;bureaux d\u2019\u00e9tudes ou organismes ind\u00e9pendants sur plusieurs volets : le milieu agricole, naturel, physique, humain, paysager et patrimonial. Un&nbsp;lev\u00e9 topographique&nbsp;de la zone est \u00e9galement r\u00e9alis\u00e9 et permet d\u2019\u00e9valuer les pentes du site pour ainsi adapter l\u2019implantation au relief. <strong>Ces \u00e9tudes sont r\u00e9glementaires et permettent de concevoir un projet de moindre impact sur l\u2019environnement, au service de l&rsquo;agriculteur. <\/strong><\/p>\n\n\n\n<p>Les conclusions des inventaires et des \u00e9tudes initiales identifient les sensibilit\u00e9s du projet : l\u2019obtention de ces r\u00e9sultats permet d\u00e9finir les contours techniques et les plans du projet. Les experts s&rsquo;attachent ensuite \u00e0 \u00e9valuer les impacts du projet retenu afin de les <strong>\u00c9viter, les R\u00e9duire ou les Compenser<\/strong>, selon la logique ERC d\u00e9finie au sein du Code de l\u2019Environnement. Un dossier est alors mont\u00e9 en quelques mois et permet de d\u00e9poser un <strong>permis de construire. <\/strong><\/p>\n\n\n\n<p>S&rsquo;en suit une p\u00e9riode d&rsquo;instruction par les services de l&rsquo;Etat dont la dur\u00e9e varie selon les d\u00e9partements et les projets. Elle d\u00e9bute souvent par une phase d&rsquo;allers-retours entre les services de la DDT (Direction D\u00e9partementale des Territoires) et le porteur du projet pour apporter des compl\u00e9ments au dossier. Une <strong>CDPENAF <\/strong>(Commission De Pr\u00e9servation des Espaces Naturels, Agricoles et Forestiers) se r\u00e9unit ensuite pour donner un avis sur le projet agricole et le permis de construire en un ou deux temps. Cet avis est conforme dans le cadre de projets agrivolta\u00efques. Le projet fait ensuite l&rsquo;objet d&rsquo;une <strong>enqu\u00eate publique puis d&rsquo;une autorisation ou d&rsquo;un refus du Pr\u00e9fet.<\/strong><\/p>\n\n\n\n<h2 class=\"wp-block-heading\">Historique du projet<\/h2>\n\n\n\n    <div  class=\"bf-timeline-vertical\">\n        <div class=\"process-line beflex-animation\" data-animation=\"beflexProcessLine\"><\/div>\n        <div class=\"process-line-active beflex-animation\" data-animation=\"beflexProcessLine\"><\/div>\n\n        <div class=\"process-box-container\">\n                            <div class=\"process-box beflex-animation\" data-animation=\"beflexProcess\">\n                    <div class=\"process-box-container\">\n                        \n                        <div class=\"container-title\">Avril 2022<\/div>\n                                                    <div class=\"container-content\"><p>Premi\u00e8res discussions avec M. Vigouroux, rapidement rejoint par Mr Rogereau, et les deux repreneurs respectifs : Mr Courtemanche et Mr Roulois<\/p>\n<\/div>\n                        \n                                            <\/div>\n\n                    <div class=\"process-box-order box-1\">\n                        <div class=\"box-number\">01<\/div>\n                        <div class=\"box-dot\"><\/div><div class=\"box-dot-line\"><\/div><div class=\"box-line\"><\/div>\n                    <\/div>\n                <\/div>\n                            <div class=\"process-box beflex-animation\" data-animation=\"beflexProcessRevert\">\n                    <div class=\"process-box-container\">\n                        \n                        <div class=\"container-title\">Juillet 2022<\/div>\n                                                    <div class=\"container-content\"><p>Premi\u00e8res rencontres avec la mairie de La Fert\u00e9-en-Ouche et avec la Communaut\u00e9 de Communes des Pays de l&rsquo;Aigle<\/p>\n<\/div>\n                        \n                                            <\/div>\n\n                    <div class=\"process-box-order box-2\">\n                        <div class=\"box-number\">02<\/div>\n                        <div class=\"box-dot\"><\/div><div class=\"box-dot-line\"><\/div><div class=\"box-line\"><\/div>\n                    <\/div>\n                <\/div>\n                            <div class=\"process-box beflex-animation\" data-animation=\"beflexProcess\">\n                    <div class=\"process-box-container\">\n                        \n                        <div class=\"container-title\">Janvier 2023<\/div>\n                                                    <div class=\"container-content\"><p>Premier comit\u00e9 de pilotage projet avec les Pays de l&rsquo;Aigle<\/p>\n<\/div>\n                        \n                                            <\/div>\n\n                    <div class=\"process-box-order box-3\">\n                        <div class=\"box-number\">03<\/div>\n                        <div class=\"box-dot\"><\/div><div class=\"box-dot-line\"><\/div><div class=\"box-line\"><\/div>\n                    <\/div>\n                <\/div>\n                            <div class=\"process-box beflex-animation\" data-animation=\"beflexProcessRevert\">\n                    <div class=\"process-box-container\">\n                        \n                        <div class=\"container-title\">Mars 2023<\/div>\n                                                    <div class=\"container-content\"><p>Premi\u00e8re rencontre avec la DDT de l&rsquo;Orne<\/p>\n<\/div>\n                        \n                                            <\/div>\n\n                    <div class=\"process-box-order box-4\">\n                        <div class=\"box-number\">04<\/div>\n                        <div class=\"box-dot\"><\/div><div class=\"box-dot-line\"><\/div><div class=\"box-line\"><\/div>\n                    <\/div>\n                <\/div>\n                            <div class=\"process-box beflex-animation\" data-animation=\"beflexProcess\">\n                    <div class=\"process-box-container\">\n                        \n                        <div class=\"container-title\">Juin 2023<\/div>\n                                                    <div class=\"container-content\"><p>Rencontres en mairie Sap-en-Auge et Communaut\u00e9 de Communes Vall\u00e9es d&rsquo;Auge et du Merlerault<\/p>\n<\/div>\n                        \n                                            <\/div>\n\n                    <div class=\"process-box-order box-5\">\n                        <div class=\"box-number\">05<\/div>\n                        <div class=\"box-dot\"><\/div><div class=\"box-dot-line\"><\/div><div class=\"box-line\"><\/div>\n                    <\/div>\n                <\/div>\n                            <div class=\"process-box beflex-animation\" data-animation=\"beflexProcessRevert\">\n                    <div class=\"process-box-container\">\n                        \n                        <div class=\"container-title\">Septembre 2023<\/div>\n                                                    <div class=\"container-content\"><p>Rencontre avec le pr\u00e9sident de la Chambre d&rsquo;Agriculture de l&rsquo;Orne<\/p>\n<\/div>\n                        \n                                            <\/div>\n\n                    <div class=\"process-box-order box-6\">\n                        <div class=\"box-number\">06<\/div>\n                        <div class=\"box-dot\"><\/div><div class=\"box-dot-line\"><\/div><div class=\"box-line\"><\/div>\n                    <\/div>\n                <\/div>\n                            <div class=\"process-box beflex-animation\" data-animation=\"beflexProcess\">\n                    <div class=\"process-box-container\">\n                        \n                        <div class=\"container-title\">Octobre 2023<\/div>\n                                                    <div class=\"container-content\"><p>Phase de conception du projet agrivolta\u00efque : R\u00e9unions de travail et co-conception avec les agriculteurs<\/p>\n<\/div>\n                        \n                                            <\/div>\n\n                    <div class=\"process-box-order box-7\">\n                        <div class=\"box-number\">07<\/div>\n                        <div class=\"box-dot\"><\/div><div class=\"box-dot-line\"><\/div><div class=\"box-line\"><\/div>\n                    <\/div>\n                <\/div>\n                            <div class=\"process-box beflex-animation\" data-animation=\"beflexProcessRevert\">\n                    <div class=\"process-box-container\">\n                        \n                        <div class=\"container-title\">Avril 2024<\/div>\n                                                    <div class=\"container-content\"><p>Mise en service de l&rsquo;ancien blog projet et diffusion lettre d\u2019info #1<\/p>\n<\/div>\n                        \n                                            <\/div>\n\n                    <div class=\"process-box-order box-8\">\n                        <div class=\"box-number\">08<\/div>\n                        <div class=\"box-dot\"><\/div><div class=\"box-dot-line\"><\/div><div class=\"box-line\"><\/div>\n                    <\/div>\n                <\/div>\n                            <div class=\"process-box beflex-animation\" data-animation=\"beflexProcess\">\n                    <div class=\"process-box-container\">\n                        \n                        <div class=\"container-title\">Mai 2024<\/div>\n                                                    <div class=\"container-content\"><p>Permanence publique en mairie de Monnai<br \/>\nPr\u00e9sentation du projet aux \u00e9lus d\u00e9l\u00e9gu\u00e9s de la Fert\u00e9-en-Ouche<br \/>\nRencontre avec la Sous-Pr\u00e9f\u00e8te de Mortagne au Perche en pr\u00e9sence de la DDT<\/p>\n<p>&nbsp;<\/p>\n<\/div>\n                        \n                                            <\/div>\n\n                    <div class=\"process-box-order box-9\">\n                        <div class=\"box-number\">09<\/div>\n                        <div class=\"box-dot\"><\/div><div class=\"box-dot-line\"><\/div><div class=\"box-line\"><\/div>\n                    <\/div>\n                <\/div>\n                            <div class=\"process-box beflex-animation\" data-animation=\"beflexProcessRevert\">\n                    <div class=\"process-box-container\">\n                        \n                        <div class=\"container-title\">Juin 2024<\/div>\n                                                    <div class=\"container-content\"><p>Premi\u00e8re concertation avec des acteurs agricoles : Pr\u00e9sentation \u00e0 un groupe d&rsquo;agriculteurs (GDA) du Pays d\u2019Auge pour financement de projets agricoles collectifs avec le montant de la compensation agricole, en pr\u00e9sence de Terralto, filiale de la Chambre d&rsquo;Agriculture<br \/>\nCadrage avec le SDIS pour validation du plan masse<\/p>\n<\/div>\n                        \n                                            <\/div>\n\n                    <div class=\"process-box-order box-10\">\n                        <div class=\"box-number\">010<\/div>\n                        <div class=\"box-dot\"><\/div><div class=\"box-dot-line\"><\/div><div class=\"box-line\"><\/div>\n                    <\/div>\n                <\/div>\n                            <div class=\"process-box beflex-animation\" data-animation=\"beflexProcess\">\n                    <div class=\"process-box-container\">\n                        \n                        <div class=\"container-title\">Juillet 2024<\/div>\n                                                    <div class=\"container-content\"><p>Point d\u2019\u00e9tape en visio avec la Chambre d\u2019Agriculture de l\u2019Orne<br \/>\nRencontre avec le Syndicat de Bassin Versant Risle et Charentonne<br \/>\nRencontre avec la Mairie de Chaumont<\/p>\n<\/div>\n                        \n                                            <\/div>\n\n                    <div class=\"process-box-order box-11\">\n                        <div class=\"box-number\">011<\/div>\n                        <div class=\"box-dot\"><\/div><div class=\"box-dot-line\"><\/div><div class=\"box-line\"><\/div>\n                    <\/div>\n                <\/div>\n                            <div class=\"process-box beflex-animation\" data-animation=\"beflexProcessRevert\">\n                    <div class=\"process-box-container\">\n                        \n                        <div class=\"container-title\">F\u00e9vrier 2025<\/div>\n                                                    <div class=\"container-content\"><p>Comit\u00e9 de projet en pr\u00e9sence des communes limitrophes<\/p>\n<\/div>\n                        \n                                            <\/div>\n\n                    <div class=\"process-box-order box-12\">\n                        <div class=\"box-number\">012<\/div>\n                        <div class=\"box-dot\"><\/div><div class=\"box-dot-line\"><\/div><div class=\"box-line\"><\/div>\n                    <\/div>\n                <\/div>\n                            <div class=\"process-box beflex-animation\" data-animation=\"beflexProcess\">\n                    <div class=\"process-box-container\">\n                        \n                        <div class=\"container-title\">Mars 2025<\/div>\n                                                    <div class=\"container-content\"><p>Distribution de la lettre d\u2019infos n\u00b02<br \/>\nPr\u00e9sentation du projet final aux services instructeurs de la DDT de l&rsquo;Orne<\/p>\n<\/div>\n                        \n                                            <\/div>\n\n                    <div class=\"process-box-order box-13\">\n                        <div class=\"box-number\">013<\/div>\n                        <div class=\"box-dot\"><\/div><div class=\"box-dot-line\"><\/div><div class=\"box-line\"><\/div>\n                    <\/div>\n                <\/div>\n                            <div class=\"process-box beflex-animation\" data-animation=\"beflexProcessRevert\">\n                    <div class=\"process-box-container\">\n                        \n                        <div class=\"container-title\">Juin 2025<\/div>\n                                                    <div class=\"container-content\"><p>Finalisation de l&rsquo;\u00e9tude d&rsquo;impact et d\u00e9p\u00f4t du Permis de Construire<\/p>\n<\/div>\n                        \n                                                    <a class=\"container-link\" href=\"https:\/\/blogvaleco.com\/projetagrivoltaiqueherbrasol\/2025\/08\/21\/depot-des-demandes-dautorisation-durbanisme\/\" target=\"_blank\">D\u00e9p\u00f4t des demandes d\u2019autorisation d\u2019urbanisme<\/a>\n                                            <\/div>\n\n                    <div class=\"process-box-order box-14\">\n                        <div class=\"box-number\">014<\/div>\n                        <div class=\"box-dot\"><\/div><div class=\"box-dot-line\"><\/div><div class=\"box-line\"><\/div>\n                    <\/div>\n                <\/div>\n                            <div class=\"process-box beflex-animation\" data-animation=\"beflexProcess\">\n                    <div class=\"process-box-container\">\n                        \n                        <div class=\"container-title\">Septembre 2025 <\/div>\n                                                    <div class=\"container-content\"><p>R\u00e9ponse aux Demandes de Compl\u00e9ments des Services Instructeurs et D\u00e9p\u00f4t en Mairies de Monnai et d&rsquo;Heugon<\/p>\n<\/div>\n                        \n                                            <\/div>\n\n                    <div class=\"process-box-order box-15\">\n                        <div class=\"box-number\">015<\/div>\n                        <div class=\"box-dot\"><\/div><div class=\"box-dot-line\"><\/div><div class=\"box-line\"><\/div>\n                    <\/div>\n                <\/div>\n                    <\/div>\n    <\/div>\n\n\n\n<p><em>Date de mise \u00e0 jour : 30 septembre 2025<\/em><\/p>\n","protected":false},"excerpt":{"rendered":"<p>Un projet agrivolta\u00efque est un projet au long cours. Apr\u00e8s avoir rep\u00e9r\u00e9 un site propice \u00e0 l&rsquo;implantation d&rsquo;un parc, initi\u00e9 les premiers contacts avec les \u00e9lus locaux, les exploitants agricoles et les propri\u00e9taires des terrains, des \u00e9tudes sont lanc\u00e9es pour une dur\u00e9e d&rsquo;au moins un an. Celles-ci sont r\u00e9alis\u00e9es par des&nbsp;bureaux d\u2019\u00e9tudes ou organismes ind\u00e9pendants [&hellip;]<\/p>\n","protected":false},"author":1,"featured_media":789,"parent":15,"menu_order":0,"comment_status":"closed","ping_status":"closed","template":"","meta":{"_acf_changed":false,"inline_featured_image":false,"footnotes":""},"class_list":["post-153","page","type-page","status-publish","has-post-thumbnail","hentry"],"acf":[],"_links":{"self":[{"href":"https:\/\/blogvaleco.com\/projetagrivoltaiqueherbrasol\/wp-json\/wp\/v2\/pages\/153","targetHints":{"allow":["GET"]}}],"collection":[{"href":"https:\/\/blogvaleco.com\/projetagrivoltaiqueherbrasol\/wp-json\/wp\/v2\/pages"}],"about":[{"href":"https:\/\/blogvaleco.com\/projetagrivoltaiqueherbrasol\/wp-json\/wp\/v2\/types\/page"}],"author":[{"embeddable":true,"href":"https:\/\/blogvaleco.com\/projetagrivoltaiqueherbrasol\/wp-json\/wp\/v2\/users\/1"}],"replies":[{"embeddable":true,"href":"https:\/\/blogvaleco.com\/projetagrivoltaiqueherbrasol\/wp-json\/wp\/v2\/comments?post=153"}],"version-history":[{"count":20,"href":"https:\/\/blogvaleco.com\/projetagrivoltaiqueherbrasol\/wp-json\/wp\/v2\/pages\/153\/revisions"}],"predecessor-version":[{"id":1174,"href":"https:\/\/blogvaleco.com\/projetagrivoltaiqueherbrasol\/wp-json\/wp\/v2\/pages\/153\/revisions\/1174"}],"up":[{"embeddable":true,"href":"https:\/\/blogvaleco.com\/projetagrivoltaiqueherbrasol\/wp-json\/wp\/v2\/pages\/15"}],"wp:featuredmedia":[{"embeddable":true,"href":"https:\/\/blogvaleco.com\/projetagrivoltaiqueherbrasol\/wp-json\/wp\/v2\/media\/789"}],"wp:attachment":[{"href":"https:\/\/blogvaleco.com\/projetagrivoltaiqueherbrasol\/wp-json\/wp\/v2\/media?parent=153"}],"curies":[{"name":"wp","href":"https:\/\/api.w.org\/{rel}","templated":true}]}}