{"id":157,"date":"2024-03-07T18:00:45","date_gmt":"2024-03-07T17:00:45","guid":{"rendered":"https:\/\/blogs.groupevaleco.com\/site-modele\/?page_id=157"},"modified":"2025-01-31T17:19:31","modified_gmt":"2025-01-31T16:19:31","slug":"le-territoire","status":"publish","type":"page","link":"https:\/\/blogvaleco.com\/carrierehamel\/projet\/le-territoire\/","title":{"rendered":"Le territoire"},"content":{"rendered":"\n<p><\/p>\n\n\n\n<p><\/p>\n\n\n\n<h2 class=\"wp-block-heading has-secondary-color has-text-color has-link-color has-large-font-size wp-elements-9408a88effebce5b9cbad93c07b47415\">Les documents d&rsquo;informations diffus\u00e9s sur le projet<strong> <\/strong><\/h2>\n\n\n\n<div class=\"wp-block-group alignfull has-light-grey-background-color has-background is-layout-constrained wp-block-group-is-layout-constrained\" style=\"padding-top:var(--wp--preset--spacing--60);padding-bottom:var(--wp--preset--spacing--60)\">\n<div class=\"wp-block-columns cta-block-1 is-layout-flex wp-container-core-columns-is-layout-28f84493 wp-block-columns-is-layout-flex\">\n<div class=\"wp-block-column has-white-background-color has-background is-layout-flow wp-block-column-is-layout-flow\" style=\"padding-top:var(--wp--preset--spacing--50);padding-right:var(--wp--preset--spacing--60);padding-bottom:var(--wp--preset--spacing--50);padding-left:var(--wp--preset--spacing--60);flex-basis:33.333333%\">\n<p class=\"has-primary-color has-text-color has-link-color has-lato-font-family wp-elements-e46dd4f8cbb3953044bfdc928ea636c8\" style=\"font-size:18px;font-style:normal;font-weight:600\">Lettre d&rsquo;informations n\u00b01<\/p>\n\n\n\n<p class=\"has-text-color has-link-color wp-elements-8c339332ae432051cefa858e40e68825\" style=\"color:#7c7c7c\"><\/p>\n\n\n\n<div data-wp-interactive=\"core\/file\" class=\"wp-block-file\"><object data-wp-bind--hidden=\"!state.hasPdfPreview\" hidden class=\"wp-block-file__embed\" data=\"https:\/\/blogvaleco.com\/carrierehamel\/wp-content\/uploads\/sites\/24\/2025\/01\/Lettre_d_info_Carriere-dHamel_imp.pdf\" type=\"application\/pdf\" style=\"width:100%;height:600px\" aria-label=\"Contenu embarqu\u00e9 Lettre_d_info_Carri\u00e8re d&apos;Hamel_imp.\"><\/object><a id=\"wp-block-file--media-01c3ba8f-1a30-4934-9003-b8d7c2ad89d8\" href=\"https:\/\/blogvaleco.com\/carrierehamel\/wp-content\/uploads\/sites\/24\/2025\/01\/Lettre_d_info_Carriere-dHamel_imp.pdf\">Lettre_d_info_Carri\u00e8re d&rsquo;Hamel_imp<\/a><a href=\"https:\/\/blogvaleco.com\/carrierehamel\/wp-content\/uploads\/sites\/24\/2025\/01\/Lettre_d_info_Carriere-dHamel_imp.pdf\" class=\"wp-block-file__button wp-element-button\" download aria-describedby=\"wp-block-file--media-01c3ba8f-1a30-4934-9003-b8d7c2ad89d8\">T\u00e9l\u00e9charger<\/a><\/div>\n<\/div>\n\n\n\n<div class=\"wp-block-column has-white-background-color has-background is-layout-flow wp-block-column-is-layout-flow\" style=\"padding-top:var(--wp--preset--spacing--50);padding-right:var(--wp--preset--spacing--60);padding-bottom:var(--wp--preset--spacing--50);padding-left:var(--wp--preset--spacing--60);flex-basis:33.333333%\">\n<p class=\"has-primary-color has-text-color has-link-color has-lato-font-family wp-elements-3e4261c7ea55704e6e4a45aae70435b6\" style=\"font-size:18px;font-style:normal;font-weight:600\">Blog Projet 2024<\/p>\n\n\n\n<p>Lien vers le Blog 2024 : <a href=\"https:\/\/blog.groupevaleco.com\/carrierehamel\"><em><span style=\"text-decoration: underline\">CENTRALE SOLAIRE DE L&rsquo;ANCIENNE CARRI\u00c8RE D&rsquo;HAMEL<\/span><\/em><\/a><\/p>\n<\/div>\n\n\n\n<div class=\"wp-block-column has-white-background-color has-background is-layout-flow wp-block-column-is-layout-flow\" style=\"padding-top:var(--wp--preset--spacing--50);padding-right:var(--wp--preset--spacing--60);padding-bottom:var(--wp--preset--spacing--50);padding-left:var(--wp--preset--spacing--60);flex-basis:33.333333%\">\n<p class=\"has-primary-color has-text-color has-link-color has-lato-font-family wp-elements-a70f76ec0651b56606b7383cf714af9c\" style=\"font-size:18px;font-style:normal;font-weight:600\">Lettre d&rsquo;informations n\u00b02<\/p>\n\n\n\n<p class=\"has-text-color has-link-color wp-elements-8c339332ae432051cefa858e40e68825\" style=\"color:#7c7c7c\"><\/p>\n\n\n\n<div data-wp-interactive=\"core\/file\" class=\"wp-block-file\"><object data-wp-bind--hidden=\"!state.hasPdfPreview\" hidden class=\"wp-block-file__embed\" data=\"https:\/\/blogvaleco.com\/carrierehamel\/wp-content\/uploads\/sites\/24\/2025\/01\/Lettre_d_info_Carriere-dHamel_n\u00b02.pdf\" type=\"application\/pdf\" style=\"width:100%;height:600px\" aria-label=\"Contenu embarqu\u00e9 Lettre_d_info_Carri\u00e8re d&apos;Hamel_n\u00b02.\"><\/object><a id=\"wp-block-file--media-acc472a1-c748-4025-8260-f292ec87e7c2\" href=\"https:\/\/blogvaleco.com\/carrierehamel\/wp-content\/uploads\/sites\/24\/2025\/01\/Lettre_d_info_Carriere-dHamel_n\u00b02.pdf\">Lettre_d_info_Carri\u00e8re d&rsquo;Hamel_n\u00b02<\/a><a href=\"https:\/\/blogvaleco.com\/carrierehamel\/wp-content\/uploads\/sites\/24\/2025\/01\/Lettre_d_info_Carriere-dHamel_n\u00b02.pdf\" class=\"wp-block-file__button wp-element-button\" download aria-describedby=\"wp-block-file--media-acc472a1-c748-4025-8260-f292ec87e7c2\">T\u00e9l\u00e9charger<\/a><\/div>\n<\/div>\n<\/div>\n<\/div>\n\n\n\n<h2 class=\"wp-block-heading\"><mark class=\"has-inline-color has-secondary-color\">Des retomb\u00e9es locales<\/mark><\/h2>\n\n\n\n<p>Le projet photovolta\u00efque est un r\u00e9el projet d&rsquo;int\u00e9r\u00eat collectif au service du territoire. <\/p>\n\n\n\n<p>En effet, un tel projet g\u00e9n\u00e8re des\u00a0<strong>retomb\u00e9es fiscales annuelles<\/strong>, permettant de contribuer au d\u00e9veloppement territorial local. L\u2019<strong>IFER<\/strong> (Imposition Forfaitaire sur les Entreprises et R\u00e9seaux), la <strong>CFE<\/strong> (cotisation fonci\u00e8re des entreprises), ou encore la <strong>taxe fonci\u00e8re<\/strong> sur les propri\u00e9t\u00e9s b\u00e2ties sont autant de ressources pour la commune, la communaut\u00e9 de communes et le d\u00e9partement. Ces taxes b\u00e9n\u00e9ficient donc indirectement \u00e0 l&rsquo;ensemble des habitants du territoire au travers des projets r\u00e9alis\u00e9s par les collectivit\u00e9s.<\/p>\n\n\n\n<p>Par ailleurs, Valeco aura \u00e0 c\u0153ur de\u00a0<strong>valoriser les comp\u00e9tences locales<\/strong>, en sollicitant des entreprises r\u00e9gionales pour la construction de la centrale et via la potentielle cr\u00e9ation d&rsquo;un emploi sur la base de maintenance.<\/p>\n\n\n\n<p><\/p>\n\n\n\n<h2 class=\"wp-block-heading has-large-font-size\"><mark class=\"has-inline-color has-secondary-color\">Valeco sur le territoire national<\/mark><\/h2>\n\n\n\n<figure class=\"wp-block-image size-large\"><img loading=\"lazy\" decoding=\"async\" width=\"1024\" height=\"720\" src=\"https:\/\/blogvaleco.com\/carrierehamel\/wp-content\/uploads\/sites\/24\/2024\/07\/valeco_territoire-1024x720.png\" alt=\"\" class=\"wp-image-668\" srcset=\"https:\/\/blogvaleco.com\/carrierehamel\/wp-content\/uploads\/sites\/24\/2024\/07\/valeco_territoire-1024x720.png 1024w, https:\/\/blogvaleco.com\/carrierehamel\/wp-content\/uploads\/sites\/24\/2024\/07\/valeco_territoire-300x211.png 300w, https:\/\/blogvaleco.com\/carrierehamel\/wp-content\/uploads\/sites\/24\/2024\/07\/valeco_territoire-768x540.png 768w, https:\/\/blogvaleco.com\/carrierehamel\/wp-content\/uploads\/sites\/24\/2024\/07\/valeco_territoire-1536x1080.png 1536w, https:\/\/blogvaleco.com\/carrierehamel\/wp-content\/uploads\/sites\/24\/2024\/07\/valeco_territoire-2048x1440.png 2048w\" sizes=\"auto, (max-width: 1024px) 100vw, 1024px\" \/><\/figure>\n\n\n\n<p><\/p>\n\n\n\n<h2 class=\"wp-block-heading\"><mark class=\"has-inline-color has-secondary-color\">Et dans votre r\u00e9gion<\/mark><\/h2>\n\n\n\n<p><a href=\"https:\/\/www.groupevaleco.com\/presence-france\/\" data-type=\"link\" data-id=\"https:\/\/www.groupevaleco.com\/presence-france\/\">Retrouvez les activit\u00e9s de Valeco dans la r\u00e9gion <mark class=\"has-inline-color has-secondary-color\">Hauts-de-France<\/mark> au lien suivant<\/a> : <a href=\"https:\/\/groupevaleco.com\/presence-france\/valeco-dans-les-hauts-de-france\/\"><span style=\"text-decoration: underline\"><em>Valeco dans les Hauts-de-France &#8211; Valeco<\/em><\/span><\/a><\/p>\n\n\n\n<p><\/p>\n\n\n\n<p><\/p>\n","protected":false},"excerpt":{"rendered":"<p>Les documents d&rsquo;informations diffus\u00e9s sur le projet Lettre d&rsquo;informations n\u00b01 Blog Projet 2024 Lien vers le Blog 2024 : CENTRALE SOLAIRE DE L&rsquo;ANCIENNE CARRI\u00c8RE D&rsquo;HAMEL Lettre d&rsquo;informations n\u00b02 Des retomb\u00e9es locales Le projet photovolta\u00efque est un r\u00e9el projet d&rsquo;int\u00e9r\u00eat collectif au service du territoire. En effet, un tel projet g\u00e9n\u00e8re des\u00a0retomb\u00e9es fiscales annuelles, permettant de [&hellip;]<\/p>\n","protected":false},"author":1,"featured_media":833,"parent":15,"menu_order":0,"comment_status":"open","ping_status":"closed","template":"","meta":{"_acf_changed":false,"inline_featured_image":false,"footnotes":""},"class_list":["post-157","page","type-page","status-publish","has-post-thumbnail","hentry"],"acf":[],"_links":{"self":[{"href":"https:\/\/blogvaleco.com\/carrierehamel\/wp-json\/wp\/v2\/pages\/157","targetHints":{"allow":["GET"]}}],"collection":[{"href":"https:\/\/blogvaleco.com\/carrierehamel\/wp-json\/wp\/v2\/pages"}],"about":[{"href":"https:\/\/blogvaleco.com\/carrierehamel\/wp-json\/wp\/v2\/types\/page"}],"author":[{"embeddable":true,"href":"https:\/\/blogvaleco.com\/carrierehamel\/wp-json\/wp\/v2\/users\/1"}],"replies":[{"embeddable":true,"href":"https:\/\/blogvaleco.com\/carrierehamel\/wp-json\/wp\/v2\/comments?post=157"}],"version-history":[{"count":41,"href":"https:\/\/blogvaleco.com\/carrierehamel\/wp-json\/wp\/v2\/pages\/157\/revisions"}],"predecessor-version":[{"id":1031,"href":"https:\/\/blogvaleco.com\/carrierehamel\/wp-json\/wp\/v2\/pages\/157\/revisions\/1031"}],"up":[{"embeddable":true,"href":"https:\/\/blogvaleco.com\/carrierehamel\/wp-json\/wp\/v2\/pages\/15"}],"wp:featuredmedia":[{"embeddable":true,"href":"https:\/\/blogvaleco.com\/carrierehamel\/wp-json\/wp\/v2\/media\/833"}],"wp:attachment":[{"href":"https:\/\/blogvaleco.com\/carrierehamel\/wp-json\/wp\/v2\/media?parent=157"}],"curies":[{"name":"wp","href":"https:\/\/api.w.org\/{rel}","templated":true}]}}