{"id":996,"date":"2024-10-23T19:07:11","date_gmt":"2024-10-23T17:07:11","guid":{"rendered":"https:\/\/blogvaleco.com\/agrocinergies\/?page_id=996"},"modified":"2026-03-24T09:29:45","modified_gmt":"2026-03-24T08:29:45","slug":"lautoconsommation-collective-acc","status":"publish","type":"page","link":"https:\/\/blogvaleco.com\/agrocinergies\/lautoconsommation-collective-acc\/","title":{"rendered":"L&rsquo;autoconsommation collective (ACC)"},"content":{"rendered":"\n<p><\/p>\n\n\n\n<p class=\"has-large-font-size bf-block-animatein bf-block-animatein--type-left\"><strong>L&rsquo;Autoconsommation Collective (ACC), qu&rsquo;est ce que c&rsquo;est ?<\/strong><\/p>\n\n\n\n<p class=\"bf-block-animatein bf-block-animatein--type-left\">L\u2019autoconsommation collective permet de consommer directement l\u2019\u00e9nergie renouvelable produite localement, sans travaux ni changement de fournisseur \u00e0 un tarif pr\u00e9f\u00e9rentiel. Actuellement, l\u2019\u00e9nergie provient de la centrale exp\u00e9rimentale de Champagn\u00e9-Saint-Hilaire (380 kWc). <strong>\u00c0 l\u2019avenir, le projet <a href=\"https:\/\/blogvaleco.com\/agrocinergies\/\">AgroCi\u2019nergies<\/a> vise \u00e0 \u00e9tendre cette initiative \u00e0 plus grande \u00e9chelle<\/strong>.<\/p>\n\n\n\n<p class=\"bf-block-animatein bf-block-animatein--type-left\"><\/p>\n\n\n\n<div class=\"wp-block-cover has-custom-content-position is-position-top-center bf-block-animatein bf-block-animatein--type-scalein\"><img loading=\"lazy\" decoding=\"async\" width=\"2560\" height=\"1440\" class=\"wp-block-cover__image-background wp-image-1065\" alt=\"\" src=\"https:\/\/blogvaleco.com\/agrocinergies\/wp-content\/uploads\/sites\/77\/2024\/11\/dji_fly_20240828_111838_566_1724836775277_photo_optimized-scaled.jpeg\" data-object-fit=\"cover\" srcset=\"https:\/\/blogvaleco.com\/agrocinergies\/wp-content\/uploads\/sites\/77\/2024\/11\/dji_fly_20240828_111838_566_1724836775277_photo_optimized-scaled.jpeg 2560w, https:\/\/blogvaleco.com\/agrocinergies\/wp-content\/uploads\/sites\/77\/2024\/11\/dji_fly_20240828_111838_566_1724836775277_photo_optimized-300x169.jpeg 300w, https:\/\/blogvaleco.com\/agrocinergies\/wp-content\/uploads\/sites\/77\/2024\/11\/dji_fly_20240828_111838_566_1724836775277_photo_optimized-1024x576.jpeg 1024w, https:\/\/blogvaleco.com\/agrocinergies\/wp-content\/uploads\/sites\/77\/2024\/11\/dji_fly_20240828_111838_566_1724836775277_photo_optimized-768x432.jpeg 768w, https:\/\/blogvaleco.com\/agrocinergies\/wp-content\/uploads\/sites\/77\/2024\/11\/dji_fly_20240828_111838_566_1724836775277_photo_optimized-1536x864.jpeg 1536w, https:\/\/blogvaleco.com\/agrocinergies\/wp-content\/uploads\/sites\/77\/2024\/11\/dji_fly_20240828_111838_566_1724836775277_photo_optimized-2048x1152.jpeg 2048w\" sizes=\"auto, (max-width: 2560px) 100vw, 2560px\" \/><span aria-hidden=\"true\" class=\"wp-block-cover__background has-background-dim-20 has-background-dim\" style=\"background-color:#7c7f77\"><\/span><div class=\"wp-block-cover__inner-container is-layout-flow wp-block-cover-is-layout-flow\">\n<p class=\"has-text-align-center has-large-font-size\"><strong>La centrale exp\u00e9rimentale d&rsquo;Agro-Ci&rsquo;nergies \u00e0 Champagn\u00e9-Saint-Hilaire (86)<\/strong><\/p>\n<\/div><\/div>\n\n\n\n<p><\/p>\n\n\n\n<p class=\"has-large-font-size bf-block-animatein bf-block-animatein--type-left\"><strong>Pourquoi c&rsquo;est int\u00e9ressant ?<\/strong><\/p>\n\n\n\n<p class=\"bf-block-animatein bf-block-animatein--type-left\">Vous pouvez <strong>conserver votre fournisseur d\u2019\u00e9lectricit\u00e9<\/strong> actuel <strong>sans engagement ni travaux<\/strong>, tout en ma\u00eetrisant et ajustant votre consommation selon les heures solaires pour favoriser une <strong>transition \u00e9nerg\u00e9tique solidaire et durable<\/strong>.<\/p>\n\n\n\n<p class=\"bf-block-animatein bf-block-animatein--type-left\">En consommant de l\u2019\u00e9nergie produite localement, vous pouvez \u00e9conomiser <strong>environ 110\u20ac\/an<sup data-fn=\"d986dc34-11f9-454b-b404-2270097aee5a\" class=\"fn\"><a href=\"#d986dc34-11f9-454b-b404-2270097aee5a\" id=\"d986dc34-11f9-454b-b404-2270097aee5a-link\">1<\/a><\/sup> <\/strong>sur votre facture d\u2019\u00e9lectricit\u00e9 gr\u00e2ce \u00e0 un tarif de <strong>0,16\u20ac\/kWh<sup data-fn=\"a5edabaf-7ec4-49da-adab-f70f234279d0\" class=\"fn\"><a href=\"#a5edabaf-7ec4-49da-adab-f70f234279d0\" id=\"a5edabaf-7ec4-49da-adab-f70f234279d0-link\">2<\/a><\/sup><\/strong>, soit <strong>22% moins cher<\/strong> que le Tarif R\u00e9glement\u00e9 de Vente de l\u2019\u00c9lectricit\u00e9 (TRV).<\/p>\n\n\n\n<p class=\"has-large-font-size bf-block-animatein bf-block-animatein--type-scalein\"><strong>Pour adh\u00e9rer \u00e0 l&rsquo;op\u00e9ration d&rsquo;ACC, quatre crit\u00e8res sont requis :<\/strong><\/p>\n\n\n\n<ol class=\"wp-block-list\">\n<li class=\"bf-block-animatein bf-block-animatein--type-left\">Adh\u00e9rer gratuitement \u00e0 l&rsquo;association \u00ab\u00a0<strong>PMO Valeco<\/strong>\u00a0\u00bb (Personne Morale Organisatrice);<\/li>\n\n\n\n<li class=\"bf-block-animatein bf-block-animatein--type-left\">Etre connect\u00e9 au <strong>r\u00e9seau public de distribution<\/strong>;<\/li>\n\n\n\n<li class=\"bf-block-animatein bf-block-animatein--type-left\">Se situer \u00e0 <strong>proximit\u00e9 g\u00e9ographique <\/strong>de la centrale de Champagn\u00e9-Saint-Hilaire;<\/li>\n\n\n\n<li class=\"bf-block-animatein bf-block-animatein--type-left\">Etre \u00e9quip\u00e9 d&rsquo;un <strong>compteur communiquant<\/strong> (Linky);<\/li>\n\n\n\n<li class=\"bf-block-animatein bf-block-animatein--type-left\">Vous <strong>n&rsquo;\u00eates pas d\u00e9j\u00e0 \u00e9quip\u00e9 <\/strong>d&rsquo;une installation solaire en <strong>autoconsommation <\/strong>(l&rsquo;autoconsommation individuelle n&rsquo;est pas compatible avec l&rsquo;autoconsommation collective)<\/li>\n<\/ol>\n\n\n\n<p class=\"bf-block-animatein bf-block-animatein--type-left\">L\u2019objectif est de permettre aux b\u00e2timents communaux des communes impliqu\u00e9es dans le projet global, ainsi qu\u2019aux habitants de ces derni\u00e8res, de b\u00e9n\u00e9ficier des kWh produits par l\u2019exp\u00e9rimentation. L\u2019autoconsommation collective est donc prioritairement ouverte :<\/p>\n\n\n\n<ul class=\"wp-block-list\">\n<li class=\"bf-block-animatein bf-block-animatein--type-left\">Aux particuliers des communes de Champagn\u00e9-Saint-Hilaire, Payroux, La-Chapelle-B\u00e2ton, et Ch\u00e2teau-Garnier<\/li>\n\n\n\n<li class=\"bf-block-animatein bf-block-animatein--type-left\">Aux professionnels exer\u00e7ant leur activit\u00e9 sur ces communes\u00a0<\/li>\n<\/ul>\n\n\n\n<p class=\"bf-block-animatein bf-block-animatein--type-left\"><\/p>\n\n\n\n<h2 class=\"wp-block-heading has-text-align-left has-extra-large-font-size bf-block-animatein bf-block-animatein--type-scalein\"><mark style=\"background-color:#f9a600\" class=\"has-inline-color has-primary-color\">Et maintenant ?<\/mark><\/h2>\n\n\n\n<h2 class=\"wp-block-heading bf-block-animatein bf-block-animatein--type-scalein\"><mark style=\"background-color:#D3D8E9\" class=\"has-inline-color has-primary-color\">Vous r\u00e9pondez \u00e0 ces crit\u00e8res et souhaitez rejoindre cette op\u00e9ration ?<\/mark><\/h2>\n\n\n\n<h2 class=\"wp-block-heading has-text-align-left bf-block-animatein bf-block-animatein--type-scalein\"><mark style=\"background-color:#D3D8E9\" class=\"has-inline-color has-primary-color\">remplissez le formulaire de contact ci-dessous et v\u00e9rifions ensemble votre \u00e9ligibilit\u00e9 !<\/mark> \u2600\ufe0f\ud83c\udf31\ud83d\udc2e<\/h2>\n\n\n\n<p><\/p>\n\n\n\n<div class=\"wp-block-contact-form-7-contact-form-selector\">\n<div class=\"wpcf7 no-js\" id=\"wpcf7-f1104-o1\" lang=\"fr-FR\" dir=\"ltr\" data-wpcf7-id=\"1104\">\n<div class=\"screen-reader-response\"><p role=\"status\" aria-live=\"polite\" aria-atomic=\"true\"><\/p> <ul><\/ul><\/div>\n<form action=\"\/agrocinergies\/wp-json\/wp\/v2\/pages\/996#wpcf7-f1104-o1\" method=\"post\" class=\"wpcf7-form init\" aria-label=\"Formulaire de contact\" novalidate=\"novalidate\" data-status=\"init\">\n<fieldset class=\"hidden-fields-container\"><input type=\"hidden\" name=\"_wpcf7\" value=\"1104\" \/><input type=\"hidden\" name=\"_wpcf7_version\" value=\"6.1.5\" \/><input type=\"hidden\" name=\"_wpcf7_locale\" value=\"fr_FR\" \/><input type=\"hidden\" name=\"_wpcf7_unit_tag\" value=\"wpcf7-f1104-o1\" \/><input type=\"hidden\" name=\"_wpcf7_container_post\" value=\"0\" \/><input type=\"hidden\" name=\"_wpcf7_posted_data_hash\" value=\"\" \/>\n<\/fieldset>\n<div class=\"bf-grid bf-grid__col-2\">\n\t<div>\n\t\t<p><label> Nom (obligatoire)<br \/>\n<span class=\"wpcf7-form-control-wrap\" data-name=\"nom\"><input size=\"40\" maxlength=\"400\" class=\"wpcf7-form-control wpcf7-text wpcf7-validates-as-required\" autocomplete=\"name\" aria-required=\"true\" aria-invalid=\"false\" value=\"\" type=\"text\" name=\"nom\" \/><\/span> <\/label>\n\t\t<\/p>\n\t<\/div>\n\t<div>\n\t\t<p><label> Pr\u00e9nom (obligatoire)<br \/>\n<span class=\"wpcf7-form-control-wrap\" data-name=\"prenom\"><input size=\"40\" maxlength=\"400\" class=\"wpcf7-form-control wpcf7-text wpcf7-validates-as-required\" autocomplete=\"name\" aria-required=\"true\" aria-invalid=\"false\" value=\"\" type=\"text\" name=\"prenom\" \/><\/span> <\/label>\n\t\t<\/p>\n\t<\/div>\n<\/div>\n<p><label> Adresse postale (obligatoire pour v\u00e9rifier si vous \u00eates dans le p\u00e9rim\u00e8tre de l'ACC)<br \/>\n<span class=\"wpcf7-form-control-wrap\" data-name=\"adresse\"><input size=\"40\" maxlength=\"400\" class=\"wpcf7-form-control wpcf7-text wpcf7-validates-as-required\" aria-required=\"true\" aria-invalid=\"false\" value=\"\" type=\"text\" name=\"adresse\" \/><\/span> <\/label>\n<\/p>\n<div class=\"bf-grid bf-grid__col-2\">\n\t<div>\n\t\t<p><label> Email (obligatoire)<br \/>\n<span class=\"wpcf7-form-control-wrap\" data-name=\"email\"><input size=\"40\" maxlength=\"400\" class=\"wpcf7-form-control wpcf7-email wpcf7-validates-as-required wpcf7-text wpcf7-validates-as-email\" autocomplete=\"email\" aria-required=\"true\" aria-invalid=\"false\" value=\"\" type=\"email\" name=\"email\" \/><\/span> <\/label>\n\t\t<\/p>\n\t<\/div>\n\t<div>\n\t\t<p><label> T\u00e9l\u00e9phone (obligatoire)<br \/>\n<span class=\"wpcf7-form-control-wrap\" data-name=\"telephone\"><input size=\"40\" maxlength=\"400\" class=\"wpcf7-form-control wpcf7-tel wpcf7-validates-as-required wpcf7-text wpcf7-validates-as-tel\" aria-required=\"true\" aria-invalid=\"false\" value=\"\" type=\"tel\" name=\"telephone\" \/><\/span> <\/label>\n\t\t<\/p>\n\t<\/div>\n<\/div>\n<p><label> Message (factultatif)<br \/>\n<span class=\"wpcf7-form-control-wrap\" data-name=\"message\"><textarea cols=\"40\" rows=\"10\" maxlength=\"2000\" class=\"wpcf7-form-control wpcf7-textarea\" aria-invalid=\"false\" name=\"message\"><\/textarea><\/span> <\/label>\n<\/p>\n<p><span class=\"wpcf7-form-control-wrap\" data-name=\"acceptance-514\"><span class=\"wpcf7-form-control wpcf7-acceptance\"><span class=\"wpcf7-list-item\"><label><input type=\"checkbox\" name=\"acceptance-514\" value=\"1\" aria-invalid=\"false\" \/><span class=\"wpcf7-list-item-label\">J'autorise ce site \u00e0 conserver mes donn\u00e9es personnelles transmises via ce formulaire. La dur\u00e9e maximale de conservation des donn\u00e9es est de 3 ans. Aucune exploitation commerciale ne sera faite des donn\u00e9es conserv\u00e9es.<\/span><\/label><\/span><\/span><\/span>\n<\/p>\n<p><input class=\"wpcf7-form-control wpcf7-submit has-spinner\" type=\"submit\" value=\"Envoyer\" \/>\n<\/p>\n<p>La soci\u00e9t\u00e9 Valeco traite les donn\u00e9es recueillies \u00e0 partir de ce formulaire pour g\u00e9rer le traitement de votre demande. Pour en savoir plus sur la gestion de vos donn\u00e9es personnelles et pour exercer vos droits, reportez-vous \u00e0 la notice politique de confidentialit\u00e9.\n<\/p><div class=\"wpcf7-response-output\" aria-hidden=\"true\"><\/div>\n<\/form>\n<\/div>\n<\/div>\n\n\n\n<p><\/p>\n\n\n<ol class=\"wp-block-footnotes\"><li id=\"d986dc34-11f9-454b-b404-2270097aee5a\">Economies moyennes estim\u00e9es pour une maison individuelle avec chauffage \u00e9lectrique consommant 8MWh\/an <a href=\"#d986dc34-11f9-454b-b404-2270097aee5a-link\" aria-label=\"Aller \u00e0 la note de bas de page 1\">\u21a9\ufe0e<\/a><\/li><li id=\"a5edabaf-7ec4-49da-adab-f70f234279d0\">Prix TTC hors abonnement au lieu de 0.20\u20ac\/kWh pour le TRV. Rappel: l&rsquo;ACC ne fait pas diminuer le prix de l&rsquo;abonnement. <a href=\"#a5edabaf-7ec4-49da-adab-f70f234279d0-link\" aria-label=\"Aller \u00e0 la note de bas de page 2\">\u21a9\ufe0e<\/a><\/li><\/ol>\n\n\n<p><\/p>\n\n\n\n<p><\/p>\n","protected":false},"excerpt":{"rendered":"<p>L&rsquo;Autoconsommation Collective (ACC), qu&rsquo;est ce que c&rsquo;est ? L\u2019autoconsommation collective permet de consommer directement l\u2019\u00e9nergie renouvelable produite localement, sans travaux ni changement de fournisseur \u00e0 un tarif pr\u00e9f\u00e9rentiel. Actuellement, l\u2019\u00e9nergie provient de la centrale exp\u00e9rimentale de Champagn\u00e9-Saint-Hilaire (380 kWc). \u00c0 l\u2019avenir, le projet AgroCi\u2019nergies vise \u00e0 \u00e9tendre cette initiative \u00e0 plus grande \u00e9chelle. Pourquoi c&rsquo;est [&hellip;]<\/p>\n","protected":false},"author":3,"featured_media":0,"parent":0,"menu_order":0,"comment_status":"open","ping_status":"closed","template":"","meta":{"_acf_changed":false,"inline_featured_image":false,"footnotes":"[{\"content\":\"Economies moyennes estim\u00e9es pour une maison individuelle avec chauffage \u00e9lectrique consommant 8MWh\/an\",\"id\":\"d986dc34-11f9-454b-b404-2270097aee5a\"},{\"content\":\"Prix TTC hors abonnement au lieu de 0.20\u20ac\/kWh pour le TRV. Rappel: l'ACC ne fait pas diminuer le prix de l'abonnement.\",\"id\":\"a5edabaf-7ec4-49da-adab-f70f234279d0\"}]"},"class_list":["post-996","page","type-page","status-publish","hentry"],"acf":[],"_links":{"self":[{"href":"https:\/\/blogvaleco.com\/agrocinergies\/wp-json\/wp\/v2\/pages\/996","targetHints":{"allow":["GET"]}}],"collection":[{"href":"https:\/\/blogvaleco.com\/agrocinergies\/wp-json\/wp\/v2\/pages"}],"about":[{"href":"https:\/\/blogvaleco.com\/agrocinergies\/wp-json\/wp\/v2\/types\/page"}],"author":[{"embeddable":true,"href":"https:\/\/blogvaleco.com\/agrocinergies\/wp-json\/wp\/v2\/users\/3"}],"replies":[{"embeddable":true,"href":"https:\/\/blogvaleco.com\/agrocinergies\/wp-json\/wp\/v2\/comments?post=996"}],"version-history":[{"count":66,"href":"https:\/\/blogvaleco.com\/agrocinergies\/wp-json\/wp\/v2\/pages\/996\/revisions"}],"predecessor-version":[{"id":1244,"href":"https:\/\/blogvaleco.com\/agrocinergies\/wp-json\/wp\/v2\/pages\/996\/revisions\/1244"}],"wp:attachment":[{"href":"https:\/\/blogvaleco.com\/agrocinergies\/wp-json\/wp\/v2\/media?parent=996"}],"curies":[{"name":"wp","href":"https:\/\/api.w.org\/{rel}","templated":true}]}}