{"id":153,"date":"2024-03-07T18:00:29","date_gmt":"2024-03-07T17:00:29","guid":{"rendered":"https:\/\/blogs.groupevaleco.com\/site-modele\/?page_id=153"},"modified":"2024-11-21T09:43:19","modified_gmt":"2024-11-21T08:43:19","slug":"les-etapes","status":"publish","type":"page","link":"https:\/\/blogvaleco.com\/agrocinergies\/projet\/les-etapes\/","title":{"rendered":"Les \u00e9tapes"},"content":{"rendered":"\n<div style=\"height:20px\" aria-hidden=\"true\" class=\"wp-block-spacer\"><\/div>\n\n\n\n<p class=\"has-text-align-left\">Un projet agrivolta\u00efque est un projet au long cours.<\/p>\n\n\n\n<p>Apr\u00e8s avoir rep\u00e9r\u00e9 un<strong> site propice<\/strong> \u00e0 l&rsquo;implantation d&rsquo;un parc, initi\u00e9 les <strong>premiers contacts<\/strong> avec les \u00e9lus locaux, les exploitants agricoles et les propri\u00e9taires des terrains, des<strong> \u00e9tudes <\/strong>sont lanc\u00e9es pour une dur\u00e9e d&rsquo;au moins un an. Celles-ci sont r\u00e9alis\u00e9es par des&nbsp;bureaux d\u2019\u00e9tudes ou organismes ind\u00e9pendants sur plusieurs volets : le milieu agricole, naturel, physique, humain, paysager et patrimonial. Un&nbsp;lev\u00e9 topographique&nbsp;de la zone est \u00e9galement r\u00e9alis\u00e9 et permet d\u2019\u00e9valuer les pentes du site pour ainsi adapter l\u2019implantation au relief. <strong>Ces \u00e9tudes sont r\u00e9glementaires et permettent de concevoir un projet de moindre impact sur l\u2019environnement, au service de l&rsquo;agriculteur. <\/strong><\/p>\n\n\n\n<p>Les conclusions des inventaires et des \u00e9tudes initiales identifient les sensibilit\u00e9s du projet : l\u2019obtention de ces r\u00e9sultats permet d\u00e9finir les contours techniques et les plans du projet. Les experts s&rsquo;attachent ensuite \u00e0 \u00e9valuer les impacts du projet retenu afin de les <strong>\u00c9viter, les R\u00e9duire ou les Compenser<\/strong>, selon la logique ERC d\u00e9finie au sein du Code de l\u2019Environnement. Un dossier est alors mont\u00e9 en quelques mois et permet de d\u00e9poser un <strong>permis de construire. <\/strong><\/p>\n\n\n\n<p>S&rsquo;en suit une p\u00e9riode d&rsquo;instruction par les services de l&rsquo;Etat dont la dur\u00e9e varie selon les d\u00e9partements et les projets. Elle d\u00e9bute souvent par une phase d&rsquo;allers-retours entre les services de la DDT (Direction D\u00e9partementale des Territoires) et le porteur du projet pour apporter des compl\u00e9ments au dossier. Une <strong>CDPENAF <\/strong>(Commission De Pr\u00e9servation des Espaces Naturels, Agricoles et Forestiers) se r\u00e9unit ensuite pour donner un avis sur le projet agricole et le permis de construire en un ou deux temps. Cet avis est conforme dans le cadre de projets agrivolta\u00efques. Le projet fait ensuite l&rsquo;objet d&rsquo;une <strong>enqu\u00eate publique puis d&rsquo;une autorisation ou d&rsquo;un refus du Pr\u00e9fet.<\/strong><\/p>\n\n\n\n<p><\/p>\n\n\n\n<figure class=\"wp-block-image size-full is-resized\"><img loading=\"lazy\" decoding=\"async\" width=\"1595\" height=\"2133\" src=\"https:\/\/blogvaleco.com\/agrocinergies\/wp-content\/uploads\/sites\/77\/2024\/11\/Dossier-Agricinergies_oct-2024-V4-imp-page-a-page-page-016-scaled-e1732178539167.jpg\" alt=\"\" class=\"wp-image-1138\" style=\"width:1124px;height:auto\" srcset=\"https:\/\/blogvaleco.com\/agrocinergies\/wp-content\/uploads\/sites\/77\/2024\/11\/Dossier-Agricinergies_oct-2024-V4-imp-page-a-page-page-016-scaled-e1732178539167.jpg 1595w, https:\/\/blogvaleco.com\/agrocinergies\/wp-content\/uploads\/sites\/77\/2024\/11\/Dossier-Agricinergies_oct-2024-V4-imp-page-a-page-page-016-scaled-e1732178539167-224x300.jpg 224w, https:\/\/blogvaleco.com\/agrocinergies\/wp-content\/uploads\/sites\/77\/2024\/11\/Dossier-Agricinergies_oct-2024-V4-imp-page-a-page-page-016-scaled-e1732178539167-766x1024.jpg 766w, https:\/\/blogvaleco.com\/agrocinergies\/wp-content\/uploads\/sites\/77\/2024\/11\/Dossier-Agricinergies_oct-2024-V4-imp-page-a-page-page-016-scaled-e1732178539167-768x1027.jpg 768w, https:\/\/blogvaleco.com\/agrocinergies\/wp-content\/uploads\/sites\/77\/2024\/11\/Dossier-Agricinergies_oct-2024-V4-imp-page-a-page-page-016-scaled-e1732178539167-1149x1536.jpg 1149w, https:\/\/blogvaleco.com\/agrocinergies\/wp-content\/uploads\/sites\/77\/2024\/11\/Dossier-Agricinergies_oct-2024-V4-imp-page-a-page-page-016-scaled-e1732178539167-1531x2048.jpg 1531w\" sizes=\"auto, (max-width: 1595px) 100vw, 1595px\" \/><\/figure>\n\n\n\n<p><\/p>\n","protected":false},"excerpt":{"rendered":"<p>Un projet agrivolta\u00efque est un projet au long cours. Apr\u00e8s avoir rep\u00e9r\u00e9 un site propice \u00e0 l&rsquo;implantation d&rsquo;un parc, initi\u00e9 les premiers contacts avec les \u00e9lus locaux, les exploitants agricoles et les propri\u00e9taires des terrains, des \u00e9tudes sont lanc\u00e9es pour une dur\u00e9e d&rsquo;au moins un an. Celles-ci sont r\u00e9alis\u00e9es par des&nbsp;bureaux d\u2019\u00e9tudes ou organismes ind\u00e9pendants [&hellip;]<\/p>\n","protected":false},"author":1,"featured_media":789,"parent":15,"menu_order":0,"comment_status":"closed","ping_status":"closed","template":"","meta":{"_acf_changed":false,"inline_featured_image":false,"footnotes":""},"class_list":["post-153","page","type-page","status-publish","has-post-thumbnail","hentry"],"acf":[],"_links":{"self":[{"href":"https:\/\/blogvaleco.com\/agrocinergies\/wp-json\/wp\/v2\/pages\/153","targetHints":{"allow":["GET"]}}],"collection":[{"href":"https:\/\/blogvaleco.com\/agrocinergies\/wp-json\/wp\/v2\/pages"}],"about":[{"href":"https:\/\/blogvaleco.com\/agrocinergies\/wp-json\/wp\/v2\/types\/page"}],"author":[{"embeddable":true,"href":"https:\/\/blogvaleco.com\/agrocinergies\/wp-json\/wp\/v2\/users\/1"}],"replies":[{"embeddable":true,"href":"https:\/\/blogvaleco.com\/agrocinergies\/wp-json\/wp\/v2\/comments?post=153"}],"version-history":[{"count":16,"href":"https:\/\/blogvaleco.com\/agrocinergies\/wp-json\/wp\/v2\/pages\/153\/revisions"}],"predecessor-version":[{"id":1191,"href":"https:\/\/blogvaleco.com\/agrocinergies\/wp-json\/wp\/v2\/pages\/153\/revisions\/1191"}],"up":[{"embeddable":true,"href":"https:\/\/blogvaleco.com\/agrocinergies\/wp-json\/wp\/v2\/pages\/15"}],"wp:featuredmedia":[{"embeddable":true,"href":"https:\/\/blogvaleco.com\/agrocinergies\/wp-json\/wp\/v2\/media\/789"}],"wp:attachment":[{"href":"https:\/\/blogvaleco.com\/agrocinergies\/wp-json\/wp\/v2\/media?parent=153"}],"curies":[{"name":"wp","href":"https:\/\/api.w.org\/{rel}","templated":true}]}}